{"id":1086,"date":"2023-11-15T16:27:18","date_gmt":"2023-11-15T16:27:18","guid":{"rendered":"https:\/\/iceamexico.com\/?page_id=1086"},"modified":"2023-11-22T17:49:50","modified_gmt":"2023-11-22T17:49:50","slug":"cotizacion-individual","status":"publish","type":"page","link":"https:\/\/iceamexico.com\/index.php\/cotizacion-individual\/","title":{"rendered":"Cotizaci\u00f3n Individual"},"content":{"rendered":"\n<div class=\"wp-block-stackable-columns alignfull stk-block-columns stk-block stk-b19e7c9 stk-block-background stk--has-background-overlay\" data-block-id=\"b19e7c9\"><style>.stk-b19e7c9{background-color:#1d2233 !important;background-image:url(https:\/\/iceamexico.com\/wp-content\/uploads\/2022\/05\/lines-background-2.svg) !important;padding-top:102px !important;padding-bottom:0px !important;margin-top:-153px !important;margin-bottom:16px !important;overflow:visible !important}.stk-b19e7c9:before{background-color:#1d2233 !important;opacity:0.8 !important}.stk-b19e7c9 .stk-container{overflow:visible !important}@media screen and (max-width:999px){.stk-b19e7c9{padding-top:80px !important}}<\/style><div class=\"stk-row stk-inner-blocks stk-block-content stk-content-align stk-b19e7c9-column\">\n<div class=\"wp-block-stackable-column stk-block-column stk-column stk-block stk-da68494\" data-v=\"4\" data-block-id=\"da68494\"><style>.stk-da68494-container{margin-top:0px !important;margin-right:0px !important;margin-bottom:0px !important;margin-left:0px !important}<\/style><div class=\"stk-column-wrapper stk-block-column__content stk-container stk-da68494-container stk--no-background stk--no-padding\"><div class=\"stk-block-content stk-inner-blocks stk-da68494-inner-blocks\">\n<div class=\"wp-block-stackable-spacer stk-block-spacer stk--no-padding stk-block stk-e3160ae\" data-block-id=\"e3160ae\"><style>.stk-e3160ae{height:100px !important}@media screen and (max-width:999px){.stk-e3160ae{height:80px !important}}<\/style><\/div>\n\n\n\n<div class=\"wp-block-stackable-heading stk-block-heading stk-block-heading--v2 stk-block stk-e10f9ca\" id=\"solicita-tu-cotizacion\" data-block-id=\"e10f9ca\"><style>.stk-e10f9ca{margin-top:-93px !important;margin-bottom:102px !important}.stk-e10f9ca .stk-block-heading__text{font-size:67px !important;color:var(--theme-palette-color-8,#ffffff) !important;line-height:1.3em !important}@media screen and (max-width:999px){.stk-e10f9ca .stk-block-heading__text{font-size:50px !important}}<\/style><h2 class=\"stk-block-heading__text has-text-color has-palette-color-8-color has-text-align-center\">SOLICITA TU COTIZACI\u00d3N<\/h2><\/div>\n<\/div><\/div><\/div>\n<\/div><\/div>\n\n\n\n<div class=\"wp-block-stackable-spacer stk-block-spacer stk--no-padding stk-block stk-0ae063a\" data-block-id=\"0ae063a\"><style>.stk-0ae063a{height:25px !important}@media screen and (max-width:999px){.stk-0ae063a{height:100px !important}}<\/style><\/div>\n\n\n\n<div class=\"wp-block-stackable-spacer stk-block-spacer stk--no-padding stk-block stk-b48aa69\" data-block-id=\"b48aa69\"><style>.stk-b48aa69{height:50px !important}@media screen and (max-width:999px){.stk-b48aa69{height:80px !important}}<\/style><\/div>\n\n\n\n<div class=\"wp-block-stackable-columns stk-block-columns stk-block stk-293854b\" data-block-id=\"293854b\"><style>.stk-293854b{margin-bottom:0px !important}.stk-293854b-column{--stk-column-gap:100px !important;row-gap:120px !important}<\/style><div class=\"stk-row stk-inner-blocks stk-block-content stk-content-align stk-293854b-column\">\n<div class=\"wp-block-stackable-column stk-block-column stk-column stk-block stk-2264616\" data-v=\"4\" data-block-id=\"2264616\"><style>.stk-2264616-container{margin-top:0px !important;margin-right:0px !important;margin-bottom:0px !important;margin-left:0px !important}.stk-2264616{align-self:center !important}<\/style><div class=\"stk-column-wrapper stk-block-column__content stk-container stk-2264616-container stk--no-background stk--no-padding\"><div class=\"stk-block-content stk-inner-blocks stk-2264616-inner-blocks\">\n<div class=\"wp-block-stackable-heading stk-block-heading stk-block-heading--v2 stk-block stk-a353d24\" id=\"cotizaciones-individuales\" data-block-id=\"a353d24\"><style>.stk-a353d24 .stk-block-heading__text{font-size:40px !important}@media screen and (max-width:999px){.stk-a353d24 .stk-block-heading__text{font-size:30px !important}}<\/style><h2 class=\"stk-block-heading__text has-text-align-center-tablet\">Cotizaciones Individuales <\/h2><\/div>\n\n\n\n<div class=\"wp-block-stackable-text stk-block-text stk-block stk-1ae1959\" data-block-id=\"1ae1959\"><style>.stk-1ae1959{margin-bottom:50px !important}@media screen and (max-width:999px){.stk-1ae1959{margin-bottom:50px !important}}<\/style><p class=\"stk-block-text__text has-text-align-center-tablet\">\u00a1Estamos aqu\u00ed para guiarte en cada paso de tu viaje educativo! Solicita tu cotizaci\u00f3n hoy y descubre c\u00f3mo ICEA puede ser tu socio en el \u00e9xito educativo y profesional.<\/p><\/div>\n<\/div><\/div><\/div>\n<\/div><\/div>\n\n\n\n<div class=\"wp-block-stackable-spacer stk-block-spacer stk--no-padding stk-block stk-4efe46f\" data-block-id=\"4efe46f\"><style>.stk-4efe46f{height:0px !important}@media screen and (max-width:999px){.stk-4efe46f{height:80px !important}}<\/style><\/div>\n\n\n\n<div class=\"wp-block-stackable-spacer stk-block-spacer stk--no-padding stk-block stk-8486660\" data-block-id=\"8486660\"><style>.stk-8486660{height:0px !important}@media screen and (max-width:999px){.stk-8486660{height:80px !important}}<\/style><\/div>\n\n\n\n<div class=\"wp-block-stackable-columns alignfull stk-block-columns stk-block stk-9a799e5 stk-block-background\" data-block-id=\"9a799e5\"><style>.stk-9a799e5{background-color:#f6f6f6 !important;background-position:top center !important;padding-top:0px !important;padding-right:0px !important;padding-bottom:0px !important;padding-left:0px !important;margin-bottom:70px !important}.stk-9a799e5:before{background-color:#f6f6f6 !important}<\/style><div class=\"stk-row stk-inner-blocks stk-block-content stk-content-align stk-9a799e5-column\">\n<div class=\"wp-block-stackable-column stk-block-column stk-column stk-block stk-ebc8356\" data-v=\"4\" data-block-id=\"ebc8356\"><style>.stk-ebc8356-container{margin-top:0px !important;margin-right:0px !important;margin-bottom:0px !important;margin-left:0px !important}<\/style><div class=\"stk-column-wrapper stk-block-column__content stk-container stk-ebc8356-container stk--no-background stk--no-padding\"><div class=\"stk-block-content stk-inner-blocks stk-ebc8356-inner-blocks\"><div class=\"wpforms-container wpforms-block wpforms-block-fffec18f-a801-45af-864f-18bc6fb22d6e wpforms-render-modern\" id=\"wpforms-1090\"><form id=\"wpforms-form-1090\" class=\"wpforms-validate wpforms-form wpforms-ajax-form\" data-formid=\"1090\" method=\"post\" enctype=\"multipart\/form-data\" action=\"\/index.php\/wp-json\/wp\/v2\/pages\/1086\" data-token=\"3604888a3a61fa49c4dd0b7d164fb250\" data-token-time=\"1776208496\"><noscript class=\"wpforms-error-noscript\">Por favor, activa JavaScript en tu navegador para completar este formulario.<\/noscript><div class=\"wpforms-hidden\" id=\"wpforms-error-noscript\">Por favor, activa JavaScript en tu navegador para completar este formulario.<\/div><div class=\"wpforms-field-container\"><div id=\"wpforms-1090-field_0-container\" class=\"wpforms-field wpforms-field-name\" data-field-id=\"0\"><fieldset><legend class=\"wpforms-field-label\">Nombre <span class=\"wpforms-required-label\" aria-hidden=\"true\">*<\/span><\/legend><div class=\"wpforms-field-row wpforms-field-medium\"><div class=\"wpforms-field-row-block wpforms-first wpforms-one-half\"><input type=\"text\" id=\"wpforms-1090-field_0\" class=\"wpforms-field-name-first wpforms-field-required\" name=\"wpforms[fields][0][first]\" aria-errormessage=\"wpforms-1090-field_0-error\" required><label for=\"wpforms-1090-field_0\" class=\"wpforms-field-sublabel after\">Nombre<\/label><\/div><div class=\"wpforms-field-row-block wpforms-one-half\"><input type=\"text\" id=\"wpforms-1090-field_0-last\" class=\"wpforms-field-name-last wpforms-field-required\" name=\"wpforms[fields][0][last]\" aria-errormessage=\"wpforms-1090-field_0-last-error\" required><label for=\"wpforms-1090-field_0-last\" class=\"wpforms-field-sublabel after\">Apellidos<\/label><\/div><\/div><\/fieldset><\/div><div id=\"wpforms-1090-field_5-container\" class=\"wpforms-field wpforms-field-text\" data-field-id=\"5\"><label class=\"wpforms-field-label\" for=\"wpforms-1090-field_5\">Tel\u00e9fono <span class=\"wpforms-required-label\" aria-hidden=\"true\">*<\/span><\/label><input type=\"text\" id=\"wpforms-1090-field_5\" class=\"wpforms-field-medium wpforms-field-required\" name=\"wpforms[fields][5]\" aria-errormessage=\"wpforms-1090-field_5-error\" required><\/div><div id=\"wpforms-1090-field_1-container\" class=\"wpforms-field wpforms-field-email\" data-field-id=\"1\"><label class=\"wpforms-field-label\" for=\"wpforms-1090-field_1\">Correo electr\u00f3nico <span class=\"wpforms-required-label\" aria-hidden=\"true\">*<\/span><\/label><input type=\"email\" id=\"wpforms-1090-field_1\" class=\"wpforms-field-medium wpforms-field-required\" name=\"wpforms[fields][1]\" spellcheck=\"false\" aria-errormessage=\"wpforms-1090-field_1-error\" required><\/div><div id=\"wpforms-1090-field_6-container\" class=\"wpforms-field wpforms-field-text\" data-field-id=\"6\"><label class=\"wpforms-field-label\" for=\"wpforms-1090-field_6\">Ciudad <span class=\"wpforms-required-label\" aria-hidden=\"true\">*<\/span><\/label><input type=\"text\" id=\"wpforms-1090-field_6\" class=\"wpforms-field-medium wpforms-field-required\" name=\"wpforms[fields][6]\" aria-errormessage=\"wpforms-1090-field_6-error\" required><\/div><div id=\"wpforms-1090-field_2-container\" class=\"wpforms-field wpforms-field-textarea\" data-field-id=\"2\"><label class=\"wpforms-field-label\" for=\"wpforms-1090-field_2\">Comentario o mensaje<\/label><textarea id=\"wpforms-1090-field_2\" class=\"wpforms-field-medium\" name=\"wpforms[fields][2]\" aria-errormessage=\"wpforms-1090-field_2-error\" ><\/textarea><\/div><\/div><!-- .wpforms-field-container --><div class=\"wpforms-submit-container\" ><input type=\"hidden\" name=\"wpforms[id]\" value=\"1090\"><input type=\"hidden\" name=\"page_title\" value=\"\"><input type=\"hidden\" name=\"page_url\" value=\"https:\/\/iceamexico.com\/index.php\/wp-json\/wp\/v2\/pages\/1086\"><input type=\"hidden\" name=\"url_referer\" value=\"\"><button type=\"submit\" name=\"wpforms[submit]\" id=\"wpforms-submit-1090\" class=\"wpforms-submit\" data-alt-text=\"Enviando...\" data-submit-text=\"Enviar\" aria-live=\"assertive\" value=\"wpforms-submit\">Enviar<\/button><img loading=\"lazy\" decoding=\"async\" src=\"https:\/\/iceamexico.com\/wp-content\/plugins\/wpforms-lite\/assets\/images\/submit-spin.svg\" class=\"wpforms-submit-spinner\" style=\"display: none;\" width=\"26\" height=\"26\" alt=\"Cargando\"><\/div><\/form><\/div>  <!-- .wpforms-container --><\/div><\/div><\/div>\n<\/div><\/div>\n\n\n\n<div class=\"wp-block-stackable-columns alignfull stk-block-columns stk-block stk-4dd8aed stk-block-background stk--has-background-overlay\" data-block-id=\"4dd8aed\"><style>.stk-4dd8aed{background-color:#1d2233 !important;background-image:url(https:\/\/iceamexico.com\/wp-content\/uploads\/2022\/05\/lines-background-2.svg) !important;border-top-left-radius:0px !important;border-top-right-radius:0px !important;border-bottom-right-radius:0px !important;border-bottom-left-radius:0px !important;align-items:center !important;max-width:1500px !important;padding-top:23px !important;padding-bottom:0px !important;margin-top:-3px !important;margin-bottom:-63px !important;display:flex !important;right:0px !important;bottom:-2px !important;left:0px !important;overflow:visible !important}.stk-4dd8aed:before{background-color:#1d2233 !important;opacity:0.8 !important}.stk-4dd8aed-column{max-width:1500px !important}.stk-4dd8aed .stk-container{overflow:visible !important}@media screen and (max-width:999px){.stk-4dd8aed{padding-top:80px !important}}<\/style><div class=\"stk-row stk-inner-blocks stk-block-content stk-content-align stk-4dd8aed-column\">\n<div class=\"wp-block-stackable-column stk-block-column stk-column stk-block stk-1cc0baf\" data-v=\"4\" data-block-id=\"1cc0baf\"><div class=\"stk-column-wrapper stk-block-column__content stk-container stk-1cc0baf-container stk--no-background stk--no-padding\"><div class=\"stk-block-content stk-inner-blocks stk-1cc0baf-inner-blocks\">\n<div class=\"wp-block-stackable-columns stk-block-columns stk-block stk-97d1e6b\" data-block-id=\"97d1e6b\"><div class=\"stk-row stk-inner-blocks stk-block-content stk-content-align stk-97d1e6b-column\">\n<div class=\"wp-block-stackable-column stk-block-column stk-column stk-block stk-749c8fd\" data-v=\"4\" data-block-id=\"749c8fd\"><style>.stk-749c8fd-container{margin-top:27px !important;margin-right:27px !important;margin-bottom:27px !important;margin-left:27px !important;max-width:659px !important}.stk-749c8fd-inner-blocks{row-gap:54px !important}.stk-749c8fd{padding-top:34px !important;padding-right:34px !important;padding-bottom:34px !important;padding-left:34px !important;margin-right:0px !important;margin-left:60px !important}<\/style><div class=\"stk-column-wrapper stk-block-column__content stk-container stk-749c8fd-container stk--no-background stk--no-padding\"><div class=\"stk-block-content stk-inner-blocks stk-749c8fd-inner-blocks\">\n<div class=\"wp-block-stackable-text stk-block-text stk-block stk-4136245\" data-block-id=\"4136245\"><style>.stk-4136245 .stk-block-text__text{text-shadow:6px 6px 4px rgba(120,120,120,0.2) !important;font-size:37px !important;color:var(--theme-palette-color-7,#FAFBFC) !important;line-height:1.5em !important;font-family:-apple-system,BlinkMacSystemFont,\"Segoe UI\",Roboto,Helvetica,Arial,sans-serif,\"Apple Color Emoji\",\"Segoe UI Emoji\",\"Segoe UI Symbol\" !important}@media screen and (max-width:999px){.stk-4136245 .stk-block-text__text{font-size:37px !important}}<\/style><p class=\"stk-block-text__text has-text-color\"><strong>\u00bfQuieres contactarte con un asesor?<\/strong><\/p><\/div>\n<\/div><\/div><\/div>\n\n\n\n<div class=\"wp-block-stackable-column stk-block-column stk-column stk-block stk-4da6fd2\" data-v=\"4\" data-block-id=\"4da6fd2\"><style>.stk-4da6fd2-container{margin-top:25px !important;margin-right:25px !important;margin-bottom:25px !important;margin-left:25px !important;min-height:214px !important;max-width:703px !important}.stk-4da6fd2{align-self:baseline !important}.stk-4da6fd2-inner-blocks{justify-content:space-between !important}<\/style><div class=\"stk-column-wrapper stk-block-column__content stk-container stk-4da6fd2-container stk--no-background stk--no-padding\"><div class=\"stk--column-flex stk-block-content stk-inner-blocks stk-4da6fd2-inner-blocks\">\n<div class=\"wp-block-stackable-button-group alignwide stk-block-button-group stk-block stk-b162e5e\" data-block-id=\"b162e5e\"><div class=\"stk-row stk-inner-blocks stk-block-content stk-button-group\">\n<div class=\"wp-block-stackable-button stk-block-button has-text-align-right stk-block stk-2ef71ee\" data-block-id=\"2ef71ee\"><style>.stk-2ef71ee{min-height:48px !important;max-width:736px !important;padding-top:38px !important;padding-right:38px !important;padding-bottom:38px !important;padding-left:38px !important;margin-top:29px !important;margin-right:0px !important;margin-left:139px !important}.stk-2ef71ee .stk-button{padding-right:10px !important;padding-left:10px !important}<\/style><a class=\"stk-link stk-button stk--hover-effect-darken\" href=\"https:\/\/bit.ly\/InfoCursosICEA\" rel=\"https:\/\/bit.ly\/InfoCursosICEA\"><span class=\"stk-button__inner-text\"><strong>M\u00c1S INFORMACI\u00d3N<\/strong><\/span><\/a><\/div>\n<\/div><\/div>\n<\/div><\/div><\/div>\n<\/div><\/div>\n<\/div><\/div><\/div>\n<\/div><\/div>\n","protected":false},"excerpt":{"rendered":"<p>SOLICITA TU COTIZACI\u00d3N Cotizaciones Individuales \u00a1Estamos aqu\u00ed para guiarte en cada paso de tu viaje educativo! Solicita tu cotizaci\u00f3n hoy y descubre c\u00f3mo ICEA puede ser tu socio en el \u00e9xito educativo y profesional. \u00bfQuieres contactarte con un asesor? M\u00c1S INFORMACI\u00d3N<\/p>\n","protected":false},"author":1,"featured_media":0,"parent":0,"menu_order":0,"comment_status":"closed","ping_status":"closed","template":"","meta":{"footnotes":""},"class_list":["post-1086","page","type-page","status-publish","hentry"],"blocksy_meta":[],"_links":{"self":[{"href":"https:\/\/iceamexico.com\/index.php\/wp-json\/wp\/v2\/pages\/1086","targetHints":{"allow":["GET"]}}],"collection":[{"href":"https:\/\/iceamexico.com\/index.php\/wp-json\/wp\/v2\/pages"}],"about":[{"href":"https:\/\/iceamexico.com\/index.php\/wp-json\/wp\/v2\/types\/page"}],"author":[{"embeddable":true,"href":"https:\/\/iceamexico.com\/index.php\/wp-json\/wp\/v2\/users\/1"}],"replies":[{"embeddable":true,"href":"https:\/\/iceamexico.com\/index.php\/wp-json\/wp\/v2\/comments?post=1086"}],"version-history":[{"count":7,"href":"https:\/\/iceamexico.com\/index.php\/wp-json\/wp\/v2\/pages\/1086\/revisions"}],"predecessor-version":[{"id":1191,"href":"https:\/\/iceamexico.com\/index.php\/wp-json\/wp\/v2\/pages\/1086\/revisions\/1191"}],"wp:attachment":[{"href":"https:\/\/iceamexico.com\/index.php\/wp-json\/wp\/v2\/media?parent=1086"}],"curies":[{"name":"wp","href":"https:\/\/api.w.org\/{rel}","templated":true}]}}