{"id":1235,"date":"2023-11-27T19:38:28","date_gmt":"2023-11-27T19:38:28","guid":{"rendered":"https:\/\/iceamexico.com\/?page_id=1235"},"modified":"2024-02-28T20:39:06","modified_gmt":"2024-02-28T20:39:06","slug":"electricidad-para-principiantes-1","status":"publish","type":"page","link":"https:\/\/iceamexico.com\/index.php\/electricidad-para-principiantes-1\/","title":{"rendered":"TEMARIO EP1"},"content":{"rendered":"\n<div class=\"wp-block-stackable-columns alignfull stk-block-columns stk-block stk-b19e7c9 stk-block-background stk--has-background-overlay\" data-block-id=\"b19e7c9\"><style>.stk-b19e7c9{background-color:#1d2233 !important;background-image:url(https:\/\/iceamexico.com\/wp-content\/uploads\/2022\/05\/lines-background-2.svg) !important;padding-top:70px !important;padding-bottom:160px !important;margin-top:-157px !important;margin-bottom:0px !important}.stk-b19e7c9:before{background-color:#1d2233 !important;opacity:0.8 !important}@media screen and (max-width:999px){.stk-b19e7c9{padding-top:80px !important;padding-bottom:80px !important}}<\/style><div class=\"stk-row stk-inner-blocks stk-block-content stk-content-align stk-b19e7c9-column\">\n<div class=\"wp-block-stackable-column stk-block-column stk-column stk-block stk-da68494\" data-v=\"4\" data-block-id=\"da68494\"><style>.stk-da68494-container{margin-top:0px !important;margin-right:0px !important;margin-bottom:0px !important;margin-left:0px !important}<\/style><div class=\"stk-column-wrapper stk-block-column__content stk-container stk-da68494-container stk--no-background stk--no-padding\"><div class=\"stk-block-content stk-inner-blocks stk-da68494-inner-blocks\">\n<div class=\"wp-block-stackable-spacer stk-block-spacer stk--no-padding stk-block stk-e3160ae\" data-block-id=\"e3160ae\"><style>.stk-e3160ae{height:90px !important}@media screen and (max-width:999px){.stk-e3160ae{height:80px !important}}<\/style><\/div>\n\n\n\n<div class=\"wp-block-stackable-columns stk-block-columns stk-block stk-293854b\" data-block-id=\"293854b\"><style>.stk-293854b{margin-bottom:0px !important}.stk-293854b-column{--stk-column-gap:90px !important;row-gap:90px !important}<\/style><div class=\"stk-row stk-inner-blocks stk-block-content stk-content-align stk-293854b-column\">\n<div class=\"wp-block-stackable-column stk-block-column stk-column stk-block stk-c11d750\" data-v=\"4\" data-block-id=\"c11d750\"><style>.stk-c11d750-container{margin-top:0px !important;margin-right:0px !important;margin-bottom:0px !important;margin-left:0px !important}@media screen and (min-width:690px){.stk-c11d750{flex:1 1 calc(45.8% - var(--stk-column-gap,0px) * 1 \/ 2 ) !important}}@media screen and (min-width:690px) and (max-width:999px){.stk-c11d750{flex:0 1 calc(100% - var(--stk-column-gap,0px) * 0 \/ 1 ) !important}}<\/style><div class=\"stk-column-wrapper stk-block-column__content stk-container stk-c11d750-container stk--no-background stk--no-padding\"><div class=\"stk-block-content stk-inner-blocks stk-c11d750-inner-blocks\">\n<div class=\"wp-block-stackable-image-box stk-block-image-box stk-hover-parent stk-block stk-8380c47 is-style-default\" data-block-id=\"8380c47\"><style>.stk-8380c47{box-shadow:40px 40px 0px 0px rgba(24,28,42,1) !important}<\/style><div class=\"stk-block-content stk-inner-blocks stk-row stk-block-image-box__content\">\n<div class=\"wp-block-stackable-image stk-block-image stk-block stk-cee3020\" data-block-id=\"cee3020\"><style>:where(.stk-hover-parent:hover,.stk-hover-parent.stk--is-hovered) .stk-cee3020 .stk-img-wrapper{--stk-gradient-overlay:0.7 !important}@media screen and (max-width:999px){.stk-cee3020 .stk-img-wrapper{height:700px !important}}<\/style><figure><div class=\"stk-img-wrapper stk-image--shape-stretch\"><img loading=\"lazy\" decoding=\"async\" class=\"stk-img wp-image-2153\" src=\"https:\/\/iceamexico.com\/wp-content\/uploads\/2024\/02\/Captura-de-Pantalla-2024-02-28-a-las-13.37.30-e1709149126243.png\" width=\"711\" height=\"753\" srcset=\"https:\/\/iceamexico.com\/wp-content\/uploads\/2024\/02\/Captura-de-Pantalla-2024-02-28-a-las-13.37.30-e1709149126243.png 711w, https:\/\/iceamexico.com\/wp-content\/uploads\/2024\/02\/Captura-de-Pantalla-2024-02-28-a-las-13.37.30-e1709149126243-283x300.png 283w\" sizes=\"auto, (max-width: 711px) 100vw, 711px\" \/><\/div><\/figure><\/div>\n\n\n\n<div class=\"wp-block-stackable-column stk-block-column stk-column stk-block stk-ceb4459\" data-v=\"4\" data-block-id=\"ceb4459\"><style>.stk-ceb4459-container{margin-top:0px !important;margin-right:0px !important;margin-bottom:0px !important;margin-left:0px !important;max-width:70% !important;padding-top:55px !important;padding-right:50px !important;padding-bottom:55px !important;padding-left:50px !important}.stk-ceb4459{align-self:flex-end !important;bottom:40px !important;left:-40px !important}@media screen and (max-width:999px){.stk-ceb4459-container{padding-top:40px !important;padding-right:40px !important;padding-bottom:40px !important;padding-left:40px !important}}@media screen and (max-width:689px){.stk-ceb4459-container{max-width:100% !important}.stk-ceb4459{right:0px !important;bottom:0px !important;left:0px !important;position:static !important}}<\/style><div class=\"stk-column-wrapper stk-block-column__content stk-container stk-ceb4459-container stk-hover-parent\"><div class=\"stk-block-content stk-inner-blocks stk-ceb4459-inner-blocks\">\n<div class=\"wp-block-stackable-subtitle stk-block-subtitle stk-block stk-fb4c44b\" data-block-id=\"fb4c44b\"><style>.stk-fb4c44b{margin-bottom:0px !important}.stk-fb4c44b .stk-block-subtitle__text{font-size:18px !important}@media screen and (max-width:999px){.stk-fb4c44b{margin-bottom:20px !important}.stk-fb4c44b .stk-block-subtitle__text{font-size:18px !important}}<\/style><p class=\"stk-block-subtitle__text stk-subtitle\"><em>Electricidad para Principiantes 1<\/em><\/p><\/div>\n\n\n\n<div class=\"wp-block-stackable-heading stk-block-heading stk-block-heading--v2 stk-block stk-67c093d\" id=\"curso-ep-1\" data-block-id=\"67c093d\"><style>.stk-67c093d{margin-bottom:0px !important}@media screen and (max-width:999px){.stk-67c093d .stk-block-heading__text{font-size:20px !important}}<\/style><h5 class=\"stk-block-heading__text stk-block-heading--use-theme-margins\">Curso EP1<\/h5><\/div>\n\n\n\n<div class=\"wp-block-stackable-text stk-block-text stk-block stk-ea5bd34\" data-block-id=\"ea5bd34\"><style>.stk-ea5bd34 .stk-block-text__text{font-size:17px !important;font-weight:500 !important;text-transform:uppercase !important}@media screen and (max-width:999px){.stk-ea5bd34 .stk-block-text__text{font-size:15px !important}}<\/style><p class=\"stk-block-text__text\">Presencial<\/p><\/div>\n<\/div><\/div><\/div>\n<\/div><\/div>\n<\/div><\/div><\/div>\n\n\n\n<div class=\"wp-block-stackable-column stk-block-column stk-column stk-block stk-2264616\" data-v=\"4\" data-block-id=\"2264616\"><style>.stk-2264616-container{margin-top:0px !important;margin-right:0px !important;margin-bottom:0px !important;margin-left:0px !important}.stk-2264616{align-self:center !important}@media screen and (min-width:690px){.stk-2264616{flex:1 1 calc(54.2% - var(--stk-column-gap,0px) * 1 \/ 2 ) !important}}@media screen and (min-width:690px) and (max-width:999px){.stk-2264616{flex:0 1 calc(100% - var(--stk-column-gap,0px) * 0 \/ 1 ) !important}}<\/style><div class=\"stk-column-wrapper stk-block-column__content stk-container stk-2264616-container stk--no-background stk--no-padding\"><div class=\"stk-block-content stk-inner-blocks stk-2264616-inner-blocks\">\n<div class=\"wp-block-stackable-heading stk-block-heading stk-block-heading--v2 stk-block stk-e10f9ca\" id=\"ep-1\" data-block-id=\"e10f9ca\"><style>.stk-e10f9ca .stk-block-heading__text{font-size:62px !important;color:var(--theme-palette-color-8,#ffffff) !important;line-height:1.3em !important}@media screen and (max-width:999px){.stk-e10f9ca .stk-block-heading__text{font-size:50px !important}}@media screen and (max-width:689px){.stk-e10f9ca .stk-block-heading__text{font-size:35px !important}}<\/style><h2 class=\"stk-block-heading__text has-text-color has-palette-color-8-color has-text-align-center-tablet\">EP1 <\/h2><\/div>\n\n\n\n<div class=\"wp-block-stackable-heading stk-block-heading stk-block-heading--v2 stk-block stk-db0a69a\" id=\"ep-1-electricidad-para-principiantes-1\" data-block-id=\"db0a69a\"><style>.stk-db0a69a .stk-block-heading__text{font-size:61px !important;color:var(--theme-palette-color-8,#ffffff) !important;line-height:1.3em !important}@media screen and (max-width:999px){.stk-db0a69a .stk-block-heading__text{font-size:50px !important}}@media screen and (max-width:689px){.stk-db0a69a .stk-block-heading__text{font-size:35px !important}}<\/style><h2 class=\"stk-block-heading__text has-text-color has-palette-color-8-color has-text-align-center-tablet\">Electricidad para Principiantes 1<\/h2><\/div>\n\n\n\n<div class=\"wp-block-stackable-text stk-block-text stk-block stk-1ae1959\" data-block-id=\"1ae1959\"><style>.stk-1ae1959{margin-bottom:15px !important;opacity:0.8 !important}.stk-1ae1959 .stk-block-text__text{color:var(--theme-palette-color-8,#ffffff) !important}<\/style><p class=\"stk-block-text__text has-text-color has-palette-color-8-color has-text-align-center-tablet\">Objetivo general del Taller: Entender, solucionar y realizar instalaciones el\u00e9ctricas Residenciales y Comerciales Media y Baja Tensi\u00f3n Bajo la NOM-001SEDE-2012<\/p><\/div>\n\n\n\n<div class=\"wp-block-stackable-text stk-block-text stk-block stk-ad90e34\" data-block-id=\"ad90e34\"><style>.stk-ad90e34{margin-bottom:80px !important;opacity:0.8 !important}.stk-ad90e34 .stk-block-text__text{color:var(--theme-palette-color-8,#ffffff) !important}@media screen and (max-width:999px){.stk-ad90e34{margin-bottom:50px !important}}<\/style><p class=\"stk-block-text__text has-text-color has-palette-color-8-color has-text-align-center-tablet\"><strong>\u00a1Desata Tu Potencial El\u00e9ctrico con ICEA<\/strong>!<\/p><\/div>\n\n\n\n<div class=\"wp-block-stackable-button-group stk-block-button-group stk-block stk-7dd33b3\" data-block-id=\"7dd33b3\"><div class=\"stk-row stk-inner-blocks has-text-align-center-tablet stk-block-content stk-button-group\">\n<div class=\"wp-block-stackable-button stk-block-button stk-block stk-0590f2b\" data-block-id=\"0590f2b\"><style>.stk-0590f2b{margin-top:0px !important;margin-right:0px !important;margin-bottom:0px !important;margin-left:0px !important}.stk-0590f2b .stk-button{padding-top:18px !important;padding-right:30px !important;padding-bottom:18px !important;padding-left:30px !important;background:var(--theme-palette-color-1,#224DB7) !important}.stk-0590f2b .stk-button__inner-text{font-size:16px !important;font-weight:700 !important;text-transform:uppercase !important}@media screen and (max-width:999px){.stk-0590f2b .stk-button__inner-text{font-size:16px !important}}<\/style><a class=\"stk-link stk-button stk--hover-effect-darken\" href=\"https:\/\/bit.ly\/InfoCursosICEA\"><span class=\"stk-button__inner-text\">INSCR\u00cdBETE AHORA<\/span><\/a><\/div>\n<\/div><\/div>\n<\/div><\/div><\/div>\n<\/div><\/div>\n<\/div><\/div><\/div>\n<\/div><\/div>\n\n\n\n<div class=\"wp-block-stackable-spacer stk-block-spacer stk--no-padding stk-block stk-0fd6ee4\" data-block-id=\"0fd6ee4\"><style>.stk-0fd6ee4{height:25px !important}@media screen and (max-width:999px){.stk-0fd6ee4{height:80px !important}}<\/style><\/div>\n\n\n\n<div class=\"wp-block-stackable-columns stk-block-columns stk-block stk-24fc0f5\" data-block-id=\"24fc0f5\"><style>.stk-24fc0f5{margin-bottom:0px !important}.stk-24fc0f5-column{--stk-column-gap:30px !important;row-gap:50px !important}<\/style><div class=\"stk-row stk-inner-blocks stk-block-content stk-content-align stk-24fc0f5-column\">\n<div class=\"wp-block-stackable-column stk-block-column stk-column stk-block stk-d5825ee\" data-v=\"4\" data-block-id=\"d5825ee\"><style>.stk-d5825ee-container{margin-top:0px !important;margin-right:0px !important;margin-bottom:0px !important;margin-left:0px !important}<\/style><div class=\"stk-column-wrapper stk-block-column__content stk-container stk-d5825ee-container stk--no-background stk--no-padding\"><div class=\"stk-block-content stk-inner-blocks stk-d5825ee-inner-blocks\">\n<figure class=\"wp-block-image size-full is-resized\"><img decoding=\"async\" src=\"https:\/\/iceamexico.com\/wp-content\/uploads\/2024\/01\/pag-1-ep1.svg\" alt=\"\" class=\"wp-image-1661\" style=\"width:1239px;height:auto\"\/><\/figure>\n<\/div><\/div><\/div>\n<\/div><\/div>\n\n\n<h2 class=\"wp-block-post-title\">TEMARIO EP1<\/h2>\n\n\n<figure class=\"wp-block-image size-full is-resized\"><img decoding=\"async\" src=\"https:\/\/iceamexico.com\/wp-content\/uploads\/2024\/02\/7-1.svg\" alt=\"\" class=\"wp-image-2155\" style=\"width:1290px;height:auto\"\/><\/figure>\n\n\n\n<figure class=\"wp-block-image size-full is-resized\"><img decoding=\"async\" src=\"https:\/\/iceamexico.com\/wp-content\/uploads\/2024\/02\/8-1.svg\" alt=\"\" class=\"wp-image-2156\" style=\"width:1290px;height:auto\"\/><\/figure>\n\n\n\n<div class=\"wp-block-stackable-spacer stk-block-spacer stk--no-padding stk-block stk-b260473\" data-block-id=\"b260473\"><style>.stk-b260473{height:40px !important}<\/style><\/div>\n\n\n\n<div class=\"wp-block-stackable-button-group stk-block-button-group stk-block stk-5bc75f0\" data-block-id=\"5bc75f0\"><style>.stk-5bc75f0{border-top-left-radius:0px !important;border-top-right-radius:0px !important;border-bottom-right-radius:0px !important;border-bottom-left-radius:0px !important;overflow:hidden !important;margin-bottom:0px !important}<\/style><div class=\"stk-row stk-inner-blocks has-text-align-center stk-block-content stk-button-group\">\n<div class=\"wp-block-stackable-button stk-block-button has-text-align-center stk-block stk-f370e90\" data-block-id=\"f370e90\"><style>.stk-f370e90 .stk-button__inner-text{font-size:25px !important}@media screen and (max-width:999px){.stk-f370e90 .stk-button__inner-text{font-size:25px !important}}<\/style><a class=\"stk-link stk-button stk--hover-effect-darken\" href=\"https:\/\/iceamexico.com\/index.php\/calendario\/\"><span class=\"stk-button__inner-text\">CALENDARIO<\/span><\/a><\/div>\n<\/div><\/div>\n\n\n\n<div class=\"wp-block-stackable-spacer stk-block-spacer stk--no-padding stk-block stk-868247b\" data-block-id=\"868247b\"><style>.stk-868247b{height:30px !important}<\/style><\/div>\n\n\n\n<div class=\"wp-block-stackable-spacer stk-block-spacer stk--no-padding stk-block stk-b81fcbc\" data-block-id=\"b81fcbc\"><style>.stk-b81fcbc{height:70px !important}<\/style><\/div>\n\n\n\n<div class=\"wp-block-stackable-columns stk-block-columns stk-block stk-45929f8 stk-block-background\" data-block-id=\"45929f8\"><style>.stk-45929f8 .stk--block-align-45929f8{align-items:center !important}.stk-45929f8{background-color:var(--theme-palette-color-1,#224DB7) !important;padding-top:50px !important;padding-right:55px !important;padding-bottom:50px !important;padding-left:55px !important;margin-bottom:-105px !important;z-index:2 !important}.stk-45929f8:before{background-color:var(--theme-palette-color-1,#224DB7) !important}.stk-45929f8-column{--stk-column-gap:50px !important;row-gap:50px !important}<\/style><div class=\"stk-row stk-inner-blocks stk--block-align-45929f8 stk-block-content stk-content-align stk-45929f8-column\">\n<div class=\"wp-block-stackable-column stk-block-column stk-column stk-block stk-7a55db8\" data-v=\"4\" data-block-id=\"7a55db8\"><style>.stk-7a55db8-container{margin-top:0px !important;margin-right:0px !important;margin-bottom:0px !important;margin-left:0px !important}@media screen and (min-width:690px) and (max-width:999px){.stk-7a55db8{flex:0 1 calc(100% - var(--stk-column-gap,0px) * 0 \/ 1 ) !important}}<\/style><div class=\"stk-column-wrapper stk-block-column__content stk-container stk-7a55db8-container stk--no-background stk--no-padding\"><div class=\"stk-block-content stk-inner-blocks stk-7a55db8-inner-blocks\">\n<div class=\"wp-block-stackable-heading stk-block-heading stk-block-heading--v2 stk-block stk-e3ff0d9\" id=\"listo-para-comenzar-tu-viaje-hacia-una-carrera-electrica-exitosa\" data-block-id=\"e3ff0d9\"><style>.stk-e3ff0d9{margin-bottom:10px !important}.stk-e3ff0d9 .stk-block-heading__text{color:var(--theme-palette-color-8,#ffffff) !important}@media screen and (max-width:999px){.stk-e3ff0d9{margin-bottom:20px !important}.stk-e3ff0d9 .stk-block-heading__text{font-size:30px !important}}<\/style><h3 class=\"stk-block-heading__text has-text-color has-palette-color-8-color has-text-align-center-tablet stk-block-heading--use-theme-margins\">\u00bfListo para comenzar tu viaje hacia una carrera el\u00e9ctrica exitosa?<\/h3><\/div>\n\n\n\n<div class=\"wp-block-stackable-text stk-block-text stk-block stk-bc5b221\" data-block-id=\"bc5b221\"><style>.stk-bc5b221{opacity:0.6 !important}.stk-bc5b221 .stk-block-text__text{color:var(--theme-palette-color-8,#ffffff) !important}<\/style><p class=\"stk-block-text__text has-text-color has-palette-color-8-color has-text-align-center-tablet\">\u00a1Cont\u00e1ctanos hoy para obtener m\u00e1s informaci\u00f3n sobre nuestros cursos, fechas de inicio y opciones de inscripci\u00f3n!<\/p><\/div>\n<\/div><\/div><\/div>\n\n\n\n<div class=\"wp-block-stackable-column stk-block-column stk-column stk-block stk-5da9125\" data-v=\"4\" data-block-id=\"5da9125\"><style>.stk-5da9125-container{margin-top:0px !important;margin-right:0px !important;margin-bottom:0px !important;margin-left:0px !important}@media screen and (min-width:690px) and (max-width:999px){.stk-5da9125{flex:0 1 calc(100% - var(--stk-column-gap,0px) * 0 \/ 1 ) !important}}<\/style><div class=\"stk-column-wrapper stk-block-column__content stk-container stk-5da9125-container stk--no-background stk--no-padding\"><div class=\"stk-block-content stk-inner-blocks stk-5da9125-inner-blocks\">\n<div class=\"wp-block-stackable-button-group stk-block-button-group stk-block stk-0397b91\" data-block-id=\"0397b91\"><style>.stk-0397b91 .stk-inner-blocks{column-gap:30px !important;row-gap:20px !important}<\/style><div class=\"stk-row stk-inner-blocks has-text-align-right has-text-align-center-tablet stk-block-content stk-button-group\">\n<div class=\"wp-block-stackable-button stk-block-button is-style-ghost stk-block stk-fad9ac7\" data-block-id=\"fad9ac7\"><style>.stk-fad9ac7{margin-top:0px !important;margin-right:0px !important;margin-bottom:0px !important;margin-left:0px !important}.stk-fad9ac7 .stk-button{padding-top:18px !important;padding-right:30px !important;padding-bottom:18px !important;padding-left:30px !important;background:transparent !important}.stk-fad9ac7 .stk-button:hover:after{background:var(--theme-palette-color-4,#0A1821) !important;opacity:1 !important}:where(.stk-hover-parent:hover,.stk-hover-parent.stk--is-hovered) .stk-fad9ac7 .stk-button:after{background:transparent !important;opacity:1 !important}.stk-fad9ac7 .stk-button:before{border-style:solid !important;border-color:var(--theme-palette-color-8,#ffffff) !important;border-top-width:2px !important;border-right-width:2px !important;border-bottom-width:2px !important;border-left-width:2px !important}.stk-fad9ac7 .stk-button:hover:before{border-color:var(--theme-palette-color-2,#224DB7) !important}.stk-fad9ac7 .stk-button .stk--inner-svg svg:last-child,.stk-fad9ac7 .stk-button .stk--inner-svg svg:last-child :is(g,path,rect,polygon,ellipse){fill:var(--theme-palette-color-4,#0A1821) !important}.stk-fad9ac7 .stk-button:hover .stk--inner-svg svg:last-child,.stk-fad9ac7 .stk-button:hover .stk--inner-svg svg:last-child :is(g,path,rect,polygon,ellipse){fill:var(--theme-palette-color-2,#224DB7) !important}.stk-fad9ac7 .stk-button__inner-text{font-size:16px !important;color:var(--theme-palette-color-8,#ffffff) !important;font-weight:700 !important;text-transform:uppercase !important}.stk-fad9ac7 .stk-button:hover .stk-button__inner-text{color:var(--theme-palette-color-8,#ffffff) !important}@media screen and (max-width:999px){.stk-fad9ac7 .stk-button__inner-text{font-size:16px !important}}<\/style><a class=\"stk-link stk-button stk--hover-effect-darken\" href=\"\"><span class=\"has-text-color has-palette-color-8-color stk-button__inner-text\">M\u00e1s informaci\u00f3n<\/span><\/a><\/div>\n\n\n\n<div class=\"wp-block-stackable-button stk-block-button stk-block stk-05f48ad\" data-block-id=\"05f48ad\"><style>.stk-05f48ad{margin-top:0px !important;margin-right:0px !important;margin-bottom:0px !important;margin-left:0px !important}.stk-05f48ad .stk-button{padding-top:18px !important;padding-right:30px !important;padding-bottom:18px !important;padding-left:30px !important;background:var(--theme-palette-color-8,#ffffff) !important}.stk-05f48ad .stk-button:hover:after{background:var(--theme-palette-color-4,#0A1821) !important;opacity:1 !important}.stk-05f48ad .stk-button__inner-text{font-size:16px !important;color:var(--theme-palette-color-2,#224DB7) !important;font-weight:700 !important;text-transform:uppercase !important}.stk-05f48ad .stk-button:hover .stk-button__inner-text{color:var(--theme-palette-color-8,#ffffff) !important}@media screen and (max-width:999px){.stk-05f48ad .stk-button__inner-text{font-size:16px !important}}<\/style><a class=\"stk-link stk-button stk--hover-effect-darken\" href=\"\"><span class=\"has-text-color has-palette-color-2-color stk-button__inner-text\">inscr\u00edbete ahora<\/span><\/a><\/div>\n<\/div><\/div>\n<\/div><\/div><\/div>\n<\/div><\/div>\n\n\n\n<div class=\"wp-block-stackable-columns alignfull stk-block-columns stk-block stk-9a799e5 stk-block-background\" data-block-id=\"9a799e5\"><style>.stk-9a799e5{background-color:#f6f6f6 !important;background-position:top center !important;padding-top:0px !important;padding-right:0px !important;padding-bottom:0px !important;padding-left:0px !important;margin-bottom:0px !important}.stk-9a799e5:before{background-color:#f6f6f6 !important}<\/style><div class=\"stk-row stk-inner-blocks stk-block-content stk-content-align stk-9a799e5-column\">\n<div class=\"wp-block-stackable-column stk-block-column stk-column stk-block stk-ebc8356\" data-v=\"4\" data-block-id=\"ebc8356\"><style>.stk-ebc8356-container{margin-top:0px !important;margin-right:0px !important;margin-bottom:0px !important;margin-left:0px !important}<\/style><div class=\"stk-column-wrapper stk-block-column__content stk-container stk-ebc8356-container stk--no-background stk--no-padding\"><div class=\"stk-block-content stk-inner-blocks stk-ebc8356-inner-blocks\"><\/div><\/div><\/div>\n<\/div><\/div>\n","protected":false},"excerpt":{"rendered":"<p>Electricidad para Principiantes 1 Curso EP1 Presencial EP1 Electricidad para Principiantes 1 Objetivo general del Taller: Entender, solucionar y realizar instalaciones el\u00e9ctricas Residenciales y Comerciales Media y Baja Tensi\u00f3n Bajo la NOM-001SEDE-2012 \u00a1Desata Tu Potencial El\u00e9ctrico con ICEA! INSCR\u00cdBETE AHORA CALENDARIO \u00bfListo para comenzar tu viaje hacia una carrera el\u00e9ctrica exitosa? \u00a1Cont\u00e1ctanos hoy para obtener [&hellip;]<\/p>\n","protected":false},"author":1,"featured_media":0,"parent":0,"menu_order":0,"comment_status":"closed","ping_status":"closed","template":"","meta":{"footnotes":""},"class_list":["post-1235","page","type-page","status-publish","hentry"],"blocksy_meta":[],"_links":{"self":[{"href":"https:\/\/iceamexico.com\/index.php\/wp-json\/wp\/v2\/pages\/1235","targetHints":{"allow":["GET"]}}],"collection":[{"href":"https:\/\/iceamexico.com\/index.php\/wp-json\/wp\/v2\/pages"}],"about":[{"href":"https:\/\/iceamexico.com\/index.php\/wp-json\/wp\/v2\/types\/page"}],"author":[{"embeddable":true,"href":"https:\/\/iceamexico.com\/index.php\/wp-json\/wp\/v2\/users\/1"}],"replies":[{"embeddable":true,"href":"https:\/\/iceamexico.com\/index.php\/wp-json\/wp\/v2\/comments?post=1235"}],"version-history":[{"count":36,"href":"https:\/\/iceamexico.com\/index.php\/wp-json\/wp\/v2\/pages\/1235\/revisions"}],"predecessor-version":[{"id":2160,"href":"https:\/\/iceamexico.com\/index.php\/wp-json\/wp\/v2\/pages\/1235\/revisions\/2160"}],"wp:attachment":[{"href":"https:\/\/iceamexico.com\/index.php\/wp-json\/wp\/v2\/media?parent=1235"}],"curies":[{"name":"wp","href":"https:\/\/api.w.org\/{rel}","templated":true}]}}