{"id":1598,"date":"2023-12-28T18:36:52","date_gmt":"2023-12-28T18:36:52","guid":{"rendered":"https:\/\/iceamexico.com\/?page_id=1598"},"modified":"2024-01-26T17:37:59","modified_gmt":"2024-01-26T17:37:59","slug":"calendario","status":"publish","type":"page","link":"https:\/\/iceamexico.com\/index.php\/calendario\/","title":{"rendered":"Calendario"},"content":{"rendered":"\n<div class=\"wp-block-stackable-columns alignfull stk-block-columns stk-block stk-b19e7c9 stk-block-background stk--has-background-overlay\" data-block-id=\"b19e7c9\"><style>.stk-b19e7c9{background-color:#1d2233 !important;background-image:url(https:\/\/iceamexico.com\/wp-content\/uploads\/2022\/05\/lines-background-2.svg) !important;padding-top:9px !important;padding-bottom:0px !important;margin-top:-160px !important;margin-bottom:0px !important;overflow:visible !important}.stk-b19e7c9:before{background-color:#1d2233 !important;opacity:0.8 !important}.stk-b19e7c9 .stk-container{overflow:visible !important}@media screen and (max-width:999px){.stk-b19e7c9{padding-top:80px !important}}<\/style><div class=\"stk-row stk-inner-blocks stk-block-content stk-content-align stk-b19e7c9-column\">\n<div class=\"wp-block-stackable-column stk-block-column stk-column stk-block stk-da68494\" data-v=\"4\" data-block-id=\"da68494\"><style>.stk-da68494-container{margin-top:0px !important;margin-right:0px !important;margin-bottom:0px !important;margin-left:0px !important}<\/style><div class=\"stk-column-wrapper stk-block-column__content stk-container stk-da68494-container stk--no-background stk--no-padding\"><div class=\"stk-block-content stk-inner-blocks stk-da68494-inner-blocks\">\n<div class=\"wp-block-stackable-spacer stk-block-spacer stk--no-padding stk-block stk-e3160ae\" data-block-id=\"e3160ae\"><style>.stk-e3160ae{height:90px !important}@media screen and (max-width:999px){.stk-e3160ae{height:80px !important}}<\/style><\/div>\n\n\n\n<div class=\"wp-block-stackable-heading stk-block-heading stk-block-heading--v2 stk-block stk-e10f9ca\" id=\"calendario\" data-block-id=\"e10f9ca\"><style>.stk-e10f9ca{margin-bottom:0px !important}.stk-e10f9ca .stk-block-heading__text{font-size:75px !important;color:var(--theme-palette-color-8,#ffffff) !important;line-height:1.3em !important}@media screen and (max-width:999px){.stk-e10f9ca .stk-block-heading__text{font-size:50px !important}}<\/style><h2 class=\"stk-block-heading__text has-text-color has-palette-color-8-color has-text-align-center\">Calendario<\/h2><\/div>\n\n\n\n<div class=\"wp-block-stackable-spacer stk-block-spacer stk--no-padding stk-block stk-1301428\" data-block-id=\"1301428\"><style>.stk-1301428{height:70px !important}<\/style><\/div>\n\n\n\n<iframe loading=\"lazy\" src=\"https:\/\/calendar.google.com\/calendar\/embed?height=700&#038;wkst=1&#038;bgcolor=%23ffffff&#038;ctz=America%2FMexico_City&#038;showTitle=0&#038;src=aWNlYW1leGljb0BnbWFpbC5jb20&#038;src=ZTllMGU3YTI3ZDZmOGNmYjUyYWM4NjA1NjdkYmZmYzllYjAwNmMyOWRlYWQ4M2U2YWYxZDAwMjM0MTFjYjIxYkBncm91cC5jYWxlbmRhci5nb29nbGUuY29t&#038;src=YWQxOWQ2MTk1MTJiYmMwY2JjNTdhYzc4ZDg4OGQ2NzBmYWVlZTczYmYzMzViOGMwZDRkNTMxYWJkMDc0NGMxMEBncm91cC5jYWxlbmRhci5nb29nbGUuY29t&#038;src=MjQyMGM2MDQwMWY4MzA3ODNhYzBkYjI1ZjRjNDBmYzI4ZDJjMzJlZTkyMmJmMTg0Y2M3MTA0Mzg4ZmUwYTJmZkBncm91cC5jYWxlbmRhci5nb29nbGUuY29t&#038;src=ZTI3NTgzZjE2NWI0OTgwMDEwNzhlYjgyZDIwMDYyMzBiMzc5OTY3YjI4MzMxNzVjZTg1ZjA0ZDFlN2M5ZGM0ZUBncm91cC5jYWxlbmRhci5nb29nbGUuY29t&#038;src=ZmM3M2FmMjUxYWM1YTA2YmJjOTBiODAxMzM5MTU1ZGY1NTg5YTk4YjBhZTE0YzcyMTdhNzAxMmJjMTNjMjU4NUBncm91cC5jYWxlbmRhci5nb29nbGUuY29t&#038;src=NTNmZTJkNWVhOTgwZTEzN2ZmOTAwMDJiMzVmNzhjOGU1YmNlODNlNWRkY2Y2YzA2MGUyZjg3MmZiNGViZDBiMUBncm91cC5jYWxlbmRhci5nb29nbGUuY29t&#038;src=ODE0YTU4MzZhMTcxNGMxYmQ1ZWU1Yzg3OGFiOTA3NjFjMTZiMGNhYmUyMzk5MTk4ZjRlNTE4NmVhMTA0Mjg4Y0Bncm91cC5jYWxlbmRhci5nb29nbGUuY29t&#038;src=MzcyOWQ0ZGJlMzg4MDAzZjExMzAzZGY2ZjcyZWNlZmE2MDA3NzZjODVjYjgxYWYyNWMzNmI0NDJlMDBhOGYyYkBncm91cC5jYWxlbmRhci5nb29nbGUuY29t&#038;src=YWRkcmVzc2Jvb2sjY29udGFjdHNAZ3JvdXAudi5jYWxlbmRhci5nb29nbGUuY29t&#038;color=%23039BE5&#038;color=%230022cc&#038;color=%238c3aa2&#038;color=%230B8043&#038;color=%23EF6C00&#038;color=%23795548&#038;color=%23cc37c2&#038;color=%2330cc00&#038;color=%23F6BF26&#038;color=%23A79B8E\" style=\"border:solid 1px #777\" width=\"1300\" height=\"700\" frameborder=\"0\" scrolling=\"no\"><\/iframe>\n<\/div><\/div><\/div>\n<\/div><\/div>\n\n\n\n<div class=\"wp-block-stackable-spacer stk-block-spacer stk--no-padding stk-block stk-0ae063a\" data-block-id=\"0ae063a\"><style>.stk-0ae063a{height:50px !important}@media screen and (max-width:999px){.stk-0ae063a{height:100px !important}}<\/style><\/div>\n\n\n\n<div class=\"wp-block-stackable-spacer stk-block-spacer stk--no-padding stk-block stk-b48aa69\" data-block-id=\"b48aa69\"><style>.stk-b48aa69{height:40px !important}@media screen and (max-width:999px){.stk-b48aa69{height:80px !important}}<\/style><\/div>\n\n\n\n<div class=\"wp-block-stackable-columns stk-block-columns stk-block stk-5b0d21f\" data-block-id=\"5b0d21f\"><style>.stk-5b0d21f .stk--block-align-5b0d21f{align-items:center !important}.stk-5b0d21f{margin-bottom:0px !important}.stk-5b0d21f-column{--stk-column-gap:200px !important;row-gap:50px !important}<\/style><div class=\"stk-row stk-inner-blocks stk--block-align-5b0d21f stk-block-content stk-content-align stk-5b0d21f-column\">\n<div class=\"wp-block-stackable-column stk-block-column stk-column stk-block stk-7e96063\" data-v=\"4\" data-block-id=\"7e96063\"><style>.stk-7e96063-container{margin-top:0px !important;margin-right:0px !important;margin-bottom:0px !important;margin-left:0px !important}@media screen and (min-width:690px){.stk-7e96063{flex:1 1 calc(46.4% - var(--stk-column-gap,0px) * 1 \/ 2 ) !important}}@media screen and (min-width:690px) and (max-width:999px){.stk-7e96063{flex:0 1 calc(100% - var(--stk-column-gap,0px) * 0 \/ 1 ) !important}}<\/style><div class=\"stk-column-wrapper stk-block-column__content stk-container stk-7e96063-container stk--no-background stk--no-padding\"><div class=\"stk-block-content stk-inner-blocks stk-7e96063-inner-blocks\">\n<div class=\"wp-block-stackable-heading stk-block-heading stk-block-heading--v2 stk-block stk-11cfca1\" id=\"icea-calendar\" data-block-id=\"11cfca1\"><style>.stk-11cfca1{margin-bottom:15px !important}<\/style><h5 class=\"stk-block-heading__text has-text-align-center-tablet stk-block-heading--use-theme-margins\">ICEA CALENDAR<\/h5><\/div>\n\n\n\n<div class=\"wp-block-stackable-text stk-block-text stk-block stk-f19ffa8\" data-block-id=\"f19ffa8\"><p class=\"stk-block-text__text has-text-align-center-tablet\">En ICEA, creemos en la importancia de la planificaci\u00f3n y la accesibilidad. Consulta nuestro calendario de cursos para encontrar la opci\u00f3n perfecta que se ajuste a tu agenda y acelere tu viaje hacia la maestr\u00eda en electricidad.<\/p><\/div>\n<\/div><\/div><\/div>\n\n\n\n<div class=\"wp-block-stackable-column stk-block-column stk-column stk-block stk-2b62231\" data-v=\"4\" data-block-id=\"2b62231\"><style>.stk-2b62231-container{margin-top:0px !important;margin-right:0px !important;margin-bottom:0px !important;margin-left:0px !important}@media screen and (min-width:690px){.stk-2b62231{flex:1 1 calc(53.6% - var(--stk-column-gap,0px) * 1 \/ 2 ) !important}}@media screen and (min-width:690px) and (max-width:999px){.stk-2b62231{flex:0 1 calc(100% - var(--stk-column-gap,0px) * 0 \/ 1 ) !important}}<\/style><div class=\"stk-column-wrapper stk-block-column__content stk-container stk-2b62231-container stk--no-background stk--no-padding\"><div class=\"stk-block-content stk-inner-blocks stk-2b62231-inner-blocks\">\n<div class=\"wp-block-stackable-text stk-block-text stk-block stk-f1aa9d7\" data-block-id=\"f1aa9d7\"><style>.stk-f1aa9d7 .stk-block-text__text{font-size:25px !important;color:var(--theme-palette-color-4,#0A1821) !important;font-weight:700 !important}@media screen and (max-width:999px){.stk-f1aa9d7 .stk-block-text__text{font-size:20px !important}}<\/style><p class=\"stk-block-text__text has-text-color has-palette-color-4-color has-text-align-center-tablet\">\u00a1Consulta Nuestro Calendario y Comienza Tu Viaje con Nosotros!<\/p><\/div>\n<\/div><\/div><\/div>\n<\/div><\/div>\n\n\n\n<div class=\"wp-block-stackable-spacer stk-block-spacer stk--no-padding stk-block stk-8486660\" data-block-id=\"8486660\"><style>.stk-8486660{height:70px !important}@media screen and (max-width:999px){.stk-8486660{height:80px !important}}<\/style><\/div>\n\n\n\n<div class=\"wp-block-stackable-columns stk-block-columns stk-block stk-7668733\" data-block-id=\"7668733\"><div class=\"stk-row stk-inner-blocks stk-block-content stk-content-align stk-7668733-column\">\n<div class=\"wp-block-stackable-column stk-block-column stk-column stk-block stk-147dcbd\" data-v=\"4\" data-block-id=\"147dcbd\"><div class=\"stk-column-wrapper stk-block-column__content stk-container stk-147dcbd-container stk--no-background stk--no-padding\"><div class=\"stk-block-content stk-inner-blocks stk-147dcbd-inner-blocks\">\n<figure class=\"wp-block-image size-full\"><img decoding=\"async\" src=\"https:\/\/iceamexico.com\/wp-content\/uploads\/2024\/01\/cursos-2.svg\" alt=\"\" class=\"wp-image-1996\"\/><\/figure>\n<\/div><\/div><\/div>\n\n\n\n<div class=\"wp-block-stackable-column stk-block-column stk-column stk-block stk-4802ee2\" data-v=\"4\" data-block-id=\"4802ee2\"><div class=\"stk-column-wrapper stk-block-column__content stk-container stk-4802ee2-container stk--no-background stk--no-padding\"><div class=\"stk-block-content stk-inner-blocks stk-4802ee2-inner-blocks\">\n<figure class=\"wp-block-image size-full\"><img decoding=\"async\" src=\"https:\/\/iceamexico.com\/wp-content\/uploads\/2024\/01\/cursos-3.svg\" alt=\"\" class=\"wp-image-1997\"\/><\/figure>\n<\/div><\/div><\/div>\n\n\n\n<div class=\"wp-block-stackable-column stk-block-column stk-column stk-block stk-0202440\" data-v=\"4\" data-block-id=\"0202440\"><div class=\"stk-column-wrapper stk-block-column__content stk-container stk-0202440-container stk--no-background stk--no-padding\"><div class=\"stk-block-content stk-inner-blocks stk-0202440-inner-blocks\">\n<figure class=\"wp-block-image size-full\"><img decoding=\"async\" src=\"https:\/\/iceamexico.com\/wp-content\/uploads\/2024\/01\/cursos-.svg\" alt=\"\" class=\"wp-image-1998\"\/><\/figure>\n<\/div><\/div><\/div>\n<\/div><\/div>\n\n\n\n<div class=\"wp-block-stackable-spacer stk-block-spacer stk--no-padding stk-block stk-603d75f\" data-block-id=\"603d75f\"><style>.stk-603d75f{height:100px !important}<\/style><\/div>\n\n\n\n<div class=\"wp-block-stackable-columns stk-block-columns stk-block stk-45929f8 stk-block-background\" data-block-id=\"45929f8\"><style>.stk-45929f8 .stk--block-align-45929f8{align-items:center !important}.stk-45929f8{background-color:var(--theme-palette-color-1,#224DB7) !important;padding-top:50px !important;padding-right:55px !important;padding-bottom:50px !important;padding-left:55px !important;margin-bottom:-16px !important;z-index:2 !important}.stk-45929f8:before{background-color:var(--theme-palette-color-1,#224DB7) !important}.stk-45929f8-column{--stk-column-gap:50px !important;row-gap:50px !important}<\/style><div class=\"stk-row stk-inner-blocks stk--block-align-45929f8 stk-block-content stk-content-align stk-45929f8-column\">\n<div class=\"wp-block-stackable-column stk-block-column stk-column stk-block stk-7a55db8\" data-v=\"4\" data-block-id=\"7a55db8\"><style>.stk-7a55db8-container{margin-top:0px !important;margin-right:0px !important;margin-bottom:0px !important;margin-left:0px !important}@media screen and (min-width:690px) and (max-width:999px){.stk-7a55db8{flex:0 1 calc(100% - var(--stk-column-gap,0px) * 0 \/ 1 ) !important}}<\/style><div class=\"stk-column-wrapper stk-block-column__content stk-container stk-7a55db8-container stk--no-background stk--no-padding\"><div class=\"stk-block-content stk-inner-blocks stk-7a55db8-inner-blocks\">\n<div class=\"wp-block-stackable-heading stk-block-heading stk-block-heading--v2 stk-block stk-e3ff0d9\" id=\"listo-para-comenzar-tu-viaje-hacia-una-carrera-electrica-exitosa\" data-block-id=\"e3ff0d9\"><style>.stk-e3ff0d9{margin-bottom:10px !important}.stk-e3ff0d9 .stk-block-heading__text{color:var(--theme-palette-color-8,#ffffff) !important}@media screen and (max-width:999px){.stk-e3ff0d9{margin-bottom:20px !important}.stk-e3ff0d9 .stk-block-heading__text{font-size:30px !important}}<\/style><h3 class=\"stk-block-heading__text has-text-color has-palette-color-8-color has-text-align-center-tablet stk-block-heading--use-theme-margins\">\u00bfListo para comenzar tu viaje hacia una carrera el\u00e9ctrica exitosa? <\/h3><\/div>\n\n\n\n<div class=\"wp-block-stackable-text stk-block-text stk-block stk-bc5b221\" data-block-id=\"bc5b221\"><style>.stk-bc5b221{opacity:0.6 !important}.stk-bc5b221 .stk-block-text__text{color:var(--theme-palette-color-8,#ffffff) !important}<\/style><p class=\"stk-block-text__text has-text-color has-palette-color-8-color has-text-align-center-tablet\">\u00a1Cont\u00e1ctanos hoy para obtener m\u00e1s informaci\u00f3n sobre nuestros cursos, fechas de inicio y opciones de inscripci\u00f3n!<\/p><\/div>\n<\/div><\/div><\/div>\n\n\n\n<div class=\"wp-block-stackable-column stk-block-column stk-column stk-block stk-5da9125\" data-v=\"4\" data-block-id=\"5da9125\"><style>.stk-5da9125-container{margin-top:0px !important;margin-right:0px !important;margin-bottom:0px !important;margin-left:0px !important}@media screen and (min-width:690px) and (max-width:999px){.stk-5da9125{flex:0 1 calc(100% - var(--stk-column-gap,0px) * 0 \/ 1 ) !important}}<\/style><div class=\"stk-column-wrapper stk-block-column__content stk-container stk-5da9125-container stk--no-background stk--no-padding\"><div class=\"stk-block-content stk-inner-blocks stk-5da9125-inner-blocks\">\n<div class=\"wp-block-stackable-button-group stk-block-button-group stk-block stk-0de13d8\" data-block-id=\"0de13d8\"><style>.stk-0de13d8 .stk-inner-blocks{column-gap:30px !important;row-gap:20px !important}<\/style><div class=\"stk-row stk-inner-blocks has-text-align-right has-text-align-center-tablet stk-block-content stk-button-group\">\n<div class=\"wp-block-stackable-button stk-block-button is-style-ghost stk-block stk-fad9ac7\" data-block-id=\"fad9ac7\"><style>.stk-fad9ac7{margin-top:0px !important;margin-right:0px !important;margin-bottom:0px !important;margin-left:0px !important}.stk-fad9ac7 .stk-button{padding-top:18px !important;padding-right:30px !important;padding-bottom:18px !important;padding-left:30px !important;background:transparent !important}.stk-fad9ac7 .stk-button:hover:after{background:var(--theme-palette-color-4,#0A1821) !important;opacity:1 !important}:where(.stk-hover-parent:hover,.stk-hover-parent.stk--is-hovered) .stk-fad9ac7 .stk-button:after{background:transparent !important;opacity:1 !important}.stk-fad9ac7 .stk-button:before{border-style:solid !important;border-color:var(--theme-palette-color-8,#ffffff) !important;border-top-width:2px !important;border-right-width:2px !important;border-bottom-width:2px !important;border-left-width:2px !important}.stk-fad9ac7 .stk-button:hover:before{border-color:var(--theme-palette-color-4,#0A1821) !important}.stk-fad9ac7 .stk-button .stk--inner-svg svg:last-child,.stk-fad9ac7 .stk-button .stk--inner-svg svg:last-child :is(g,path,rect,polygon,ellipse){fill:var(--theme-palette-color-4,#0A1821) !important}.stk-fad9ac7 .stk-button:hover .stk--inner-svg svg:last-child,.stk-fad9ac7 .stk-button:hover .stk--inner-svg svg:last-child :is(g,path,rect,polygon,ellipse){fill:var(--theme-palette-color-2,#224DB7) !important}.stk-fad9ac7 .stk-button__inner-text{font-size:16px !important;color:var(--theme-palette-color-8,#ffffff) !important;font-weight:700 !important;text-transform:uppercase !important}.stk-fad9ac7 .stk-button:hover .stk-button__inner-text{color:var(--theme-palette-color-8,#ffffff) !important}@media screen and (max-width:999px){.stk-fad9ac7 .stk-button__inner-text{font-size:16px !important}}<\/style><a class=\"stk-link stk-button stk--hover-effect-darken\" href=\"https:\/\/bit.ly\/InfoCursosICEA\"><span class=\"has-text-color has-palette-color-8-color stk-button__inner-text\">M\u00c1S INFORMACI\u00d3N<\/span><\/a><\/div>\n\n\n\n<div class=\"wp-block-stackable-button stk-block-button stk-block stk-82f3f35\" data-block-id=\"82f3f35\"><style>.stk-82f3f35{margin-top:0px !important;margin-right:0px !important;margin-bottom:0px !important;margin-left:0px !important}.stk-82f3f35 .stk-button{padding-top:18px !important;padding-right:30px !important;padding-bottom:18px !important;padding-left:30px !important;background:var(--theme-palette-color-8,#ffffff) !important}.stk-82f3f35 .stk-button:hover:after{background:var(--theme-palette-color-4,#0A1821) !important;opacity:1 !important}.stk-82f3f35 .stk-button__inner-text{font-size:16px !important;color:var(--theme-palette-color-2,#224DB7) !important;font-weight:700 !important;text-transform:uppercase !important}.stk-82f3f35 .stk-button:hover .stk-button__inner-text{color:var(--theme-palette-color-8,#ffffff) !important}@media screen and (max-width:999px){.stk-82f3f35 .stk-button__inner-text{font-size:16px !important}}<\/style><a class=\"stk-link stk-button stk--hover-effect-darken\" href=\"\"><span class=\"has-text-color has-palette-color-2-color stk-button__inner-text\">INSCR\u00cdBETE AHORA<\/span><\/a><\/div>\n<\/div><\/div>\n<\/div><\/div><\/div>\n<\/div><\/div>\n","protected":false},"excerpt":{"rendered":"<p>Calendario ICEA CALENDAR En ICEA, creemos en la importancia de la planificaci\u00f3n y la accesibilidad. Consulta nuestro calendario de cursos para encontrar la opci\u00f3n perfecta que se ajuste a tu agenda y acelere tu viaje hacia la maestr\u00eda en electricidad. \u00a1Consulta Nuestro Calendario y Comienza Tu Viaje con Nosotros! \u00bfListo para comenzar tu viaje hacia [&hellip;]<\/p>\n","protected":false},"author":1,"featured_media":0,"parent":0,"menu_order":0,"comment_status":"closed","ping_status":"closed","template":"","meta":{"footnotes":""},"class_list":["post-1598","page","type-page","status-publish","hentry"],"blocksy_meta":[],"_links":{"self":[{"href":"https:\/\/iceamexico.com\/index.php\/wp-json\/wp\/v2\/pages\/1598","targetHints":{"allow":["GET"]}}],"collection":[{"href":"https:\/\/iceamexico.com\/index.php\/wp-json\/wp\/v2\/pages"}],"about":[{"href":"https:\/\/iceamexico.com\/index.php\/wp-json\/wp\/v2\/types\/page"}],"author":[{"embeddable":true,"href":"https:\/\/iceamexico.com\/index.php\/wp-json\/wp\/v2\/users\/1"}],"replies":[{"embeddable":true,"href":"https:\/\/iceamexico.com\/index.php\/wp-json\/wp\/v2\/comments?post=1598"}],"version-history":[{"count":15,"href":"https:\/\/iceamexico.com\/index.php\/wp-json\/wp\/v2\/pages\/1598\/revisions"}],"predecessor-version":[{"id":1999,"href":"https:\/\/iceamexico.com\/index.php\/wp-json\/wp\/v2\/pages\/1598\/revisions\/1999"}],"wp:attachment":[{"href":"https:\/\/iceamexico.com\/index.php\/wp-json\/wp\/v2\/media?parent=1598"}],"curies":[{"name":"wp","href":"https:\/\/api.w.org\/{rel}","templated":true}]}}