{"id":2274,"date":"2024-04-15T18:12:36","date_gmt":"2024-04-15T18:12:36","guid":{"rendered":"https:\/\/iceamexico.com\/?page_id=2274"},"modified":"2024-07-26T17:02:35","modified_gmt":"2024-07-26T17:02:35","slug":"epq-expo","status":"publish","type":"page","link":"https:\/\/iceamexico.com\/index.php\/epq-expo\/","title":{"rendered":"EPQ Expo"},"content":{"rendered":"\n<div class=\"wp-block-stackable-spacer stk-block-spacer stk--no-padding stk-block stk-97c0f30\" data-block-id=\"97c0f30\"><style>.stk-97c0f30{height:0px !important}@media screen and (max-width:999px){.stk-97c0f30{height:50px !important}}<\/style><\/div>\n\n\n\n<figure class=\"wp-block-image size-full is-resized\"><img decoding=\"async\" src=\"https:\/\/iceamexico.com\/wp-content\/uploads\/2024\/05\/7.svg\" alt=\"\" class=\"wp-image-2388\" style=\"width:1291px;height:auto\"\/><\/figure>\n\n\n\n<figure class=\"wp-block-embed is-type-video is-provider-youtube wp-block-embed-youtube wp-embed-aspect-16-9 wp-has-aspect-ratio\"><div class=\"wp-block-embed__wrapper\">\n<iframe loading=\"lazy\" title=\"Expertos en Calidad de ENERG\u00cdA\" width=\"1290\" height=\"726\" src=\"https:\/\/www.youtube.com\/embed\/9XXMzVT2-Mc?feature=oembed\" frameborder=\"0\" allow=\"accelerometer; autoplay; clipboard-write; encrypted-media; gyroscope; picture-in-picture; web-share\" referrerpolicy=\"strict-origin-when-cross-origin\" allowfullscreen><\/iframe>\n<\/div><\/figure>\n\n\n\n<figure class=\"wp-block-image size-full is-resized\"><img decoding=\"async\" src=\"https:\/\/iceamexico.com\/wp-content\/uploads\/2024\/05\/8.svg\" alt=\"\" class=\"wp-image-2390\" style=\"width:1291px;height:auto\"\/><\/figure>\n\n\n\n<div class=\"wp-block-stackable-button-group stk-block-button-group stk-block stk-fe07a31\" data-block-id=\"fe07a31\"><div class=\"stk-row stk-inner-blocks has-text-align-center stk-block-content stk-button-group\">\n<div class=\"wp-block-stackable-button stk-block-button has-text-align-center stk-block stk-7ae74c0\" data-block-id=\"7ae74c0\"><style>.stk-7ae74c0 .stk-button{background:#216bb5 !important}<\/style><a class=\"stk-link stk-button stk--hover-effect-darken\" href=\"https:\/\/bit.ly\/InformacionBancodeCapacitores\"><span class=\"stk-button__inner-text\"><strong>M\u00c1S INFORMACI\u00d3N<\/strong><\/span><\/a><\/div>\n<\/div><\/div>\n\n\n\n<figure class=\"wp-block-image size-full is-resized\"><img decoding=\"async\" src=\"https:\/\/iceamexico.com\/wp-content\/uploads\/2024\/05\/9-1.svg\" alt=\"\" class=\"wp-image-2391\" style=\"width:1291px;height:auto\"\/><\/figure>\n\n\n\n<figure class=\"wp-block-image size-full is-resized\"><img decoding=\"async\" src=\"https:\/\/iceamexico.com\/wp-content\/uploads\/2024\/07\/ethon-nv.svg\" alt=\"\" class=\"wp-image-2690\" style=\"width:1290px;height:auto\"\/><\/figure>\n\n\n\n<div class=\"wp-block-stackable-button-group stk-block-button-group stk-block stk-c836db5\" data-block-id=\"c836db5\"><div class=\"stk-row stk-inner-blocks has-text-align-center stk-block-content stk-button-group\">\n<div class=\"wp-block-stackable-button stk-block-button has-text-align-center stk-block stk-4be662e\" data-block-id=\"4be662e\"><style>.stk-4be662e .stk-button{background:#216bb5 !important}<\/style><a class=\"stk-link stk-button stk--hover-effect-darken\" href=\"https:\/\/bit.ly\/InformacionBancodeCapacitores\"><span class=\"stk-button__inner-text\"><strong>M\u00c1S INFORMACI\u00d3N<\/strong><\/span><\/a><\/div>\n<\/div><\/div>\n\n\n\n<figure class=\"wp-block-image size-full is-resized\"><img decoding=\"async\" src=\"https:\/\/iceamexico.com\/wp-content\/uploads\/2024\/05\/10-1.svg\" alt=\"\" class=\"wp-image-2392\" style=\"width:1291px;height:auto\"\/><\/figure>\n\n\n\n<figure class=\"wp-block-image size-full is-resized\"><img decoding=\"async\" src=\"https:\/\/iceamexico.com\/wp-content\/uploads\/2024\/05\/11-1.svg\" alt=\"\" class=\"wp-image-2393\" style=\"width:1291px;height:auto\"\/><\/figure>\n\n\n\n<figure class=\"wp-block-image size-full is-resized\"><img decoding=\"async\" src=\"https:\/\/iceamexico.com\/wp-content\/uploads\/2024\/05\/12-1.svg\" alt=\"\" class=\"wp-image-2396\" style=\"width:1291px;height:auto\"\/><\/figure>\n\n\n\n<figure class=\"wp-block-image size-full is-resized\"><img decoding=\"async\" src=\"https:\/\/iceamexico.com\/wp-content\/uploads\/2024\/05\/13-1.svg\" alt=\"\" class=\"wp-image-2395\" style=\"width:1291px;height:auto\"\/><\/figure>\n\n\n\n<figure class=\"wp-block-embed is-type-video is-provider-youtube wp-block-embed-youtube wp-embed-aspect-16-9 wp-has-aspect-ratio\"><div class=\"wp-block-embed__wrapper\">\n<iframe loading=\"lazy\" title=\"PROYECTOS EPQ\" width=\"1290\" height=\"726\" src=\"https:\/\/www.youtube.com\/embed\/Zi8No6_FLRo?feature=oembed\" frameborder=\"0\" allow=\"accelerometer; autoplay; clipboard-write; encrypted-media; gyroscope; picture-in-picture; web-share\" referrerpolicy=\"strict-origin-when-cross-origin\" allowfullscreen><\/iframe>\n<\/div><\/figure>\n\n\n\n<div class=\"wp-block-stackable-button-group stk-block-button-group stk-block stk-bf2be82\" data-block-id=\"bf2be82\"><div class=\"stk-row stk-inner-blocks has-text-align-center stk-block-content stk-button-group\">\n<div class=\"wp-block-stackable-button stk-block-button has-text-align-center stk-block stk-68cf7d7\" data-block-id=\"68cf7d7\"><style>.stk-68cf7d7 .stk-button{background:#216bb5 !important}<\/style><a class=\"stk-link stk-button stk--hover-effect-darken\" href=\"https:\/\/docs.google.com\/forms\/d\/e\/1FAIpQLSfdqCmDfcTAi_1gRBe6IO2tStBseNOjt6ycLv09jAchrryiRw\/viewform?usp=sf_link\"><span class=\"stk-button__inner-text\"><strong>D\u00c9JANOS TUS DATOS<\/strong><\/span><\/a><\/div>\n<\/div><\/div>\n\n\n\n<div class=\"wp-block-stackable-button-group stk-block-button-group stk-block stk-77178a8\" data-block-id=\"77178a8\"><style>.stk-77178a8{margin-bottom:0px !important}<\/style><div class=\"stk-row stk-inner-blocks has-text-align-center stk-block-content stk-button-group\">\n<div class=\"wp-block-stackable-icon-button stk-block-icon-button stk-block stk-2944066\" data-block-id=\"2944066\"><style>.stk-2944066 .stk-button{background:#ff0e16 !important}.stk-2944066 .stk-button .stk--inner-svg svg:last-child{height:27px !important;width:27px !important}<\/style><a class=\"stk-link stk-button stk--hover-effect-darken\" href=\"https:\/\/equipospq.com\/\"><span class=\"stk--svg-wrapper\"><div class=\"stk--inner-svg\"><svg aria-hidden=\"true\" focusable=\"false\" data-prefix=\"fas\" data-icon=\"globe\" class=\"svg-inline--fa fa-globe fa-w-16\" xmlns=\"http:\/\/www.w3.org\/2000\/svg\" viewBox=\"0 0 496 512\" width=\"32\" height=\"32\"><path fill=\"currentColor\" d=\"M336.5 160C322 70.7 287.8 8 248 8s-74 62.7-88.5 152h177zM152 256c0 22.2 1.2 43.5 3.3 64h185.3c2.1-20.5 3.3-41.8 3.3-64s-1.2-43.5-3.3-64H155.3c-2.1 20.5-3.3 41.8-3.3 64zm324.7-96c-28.6-67.9-86.5-120.4-158-141.6 24.4 33.8 41.2 84.7 50 141.6h108zM177.2 18.4C105.8 39.6 47.8 92.1 19.3 160h108c8.7-56.9 25.5-107.8 49.9-141.6zM487.4 192H372.7c2.1 21 3.3 42.5 3.3 64s-1.2 43-3.3 64h114.6c5.5-20.5 8.6-41.8 8.6-64s-3.1-43.5-8.5-64zM120 256c0-21.5 1.2-43 3.3-64H8.6C3.2 212.5 0 233.8 0 256s3.2 43.5 8.6 64h114.6c-2-21-3.2-42.5-3.2-64zm39.5 96c14.5 89.3 48.7 152 88.5 152s74-62.7 88.5-152h-177zm159.3 141.6c71.4-21.2 129.4-73.7 158-141.6h-108c-8.8 56.9-25.6 107.8-50 141.6zM19.3 352c28.6 67.9 86.5 120.4 158 141.6-24.4-33.8-41.2-84.7-50-141.6h-108z\"><\/path><\/svg><\/div><\/span><\/a><\/div>\n<\/div><\/div>\n\n\n\n<div class=\"wp-block-stackable-heading stk-block-heading stk-block-heading--v2 stk-block stk-b65e90f\" id=\"www-equipospq-com\" data-block-id=\"b65e90f\"><style>.stk-b65e90f .stk-block-heading__text{color:#216bb5 !important}<\/style><h6 class=\"stk-block-heading__text has-text-color has-text-align-center\">www.equipospq.com<\/h6><\/div>\n","protected":false},"excerpt":{"rendered":"<p>M\u00c1S INFORMACI\u00d3N M\u00c1S INFORMACI\u00d3N D\u00c9JANOS TUS DATOS www.equipospq.com<\/p>\n","protected":false},"author":1,"featured_media":0,"parent":0,"menu_order":0,"comment_status":"closed","ping_status":"closed","template":"","meta":{"footnotes":""},"class_list":["post-2274","page","type-page","status-publish","hentry"],"blocksy_meta":{"disable_footer":"yes","disable_header":"yes","has_hero_section":"disabled"},"_links":{"self":[{"href":"https:\/\/iceamexico.com\/index.php\/wp-json\/wp\/v2\/pages\/2274","targetHints":{"allow":["GET"]}}],"collection":[{"href":"https:\/\/iceamexico.com\/index.php\/wp-json\/wp\/v2\/pages"}],"about":[{"href":"https:\/\/iceamexico.com\/index.php\/wp-json\/wp\/v2\/types\/page"}],"author":[{"embeddable":true,"href":"https:\/\/iceamexico.com\/index.php\/wp-json\/wp\/v2\/users\/1"}],"replies":[{"embeddable":true,"href":"https:\/\/iceamexico.com\/index.php\/wp-json\/wp\/v2\/comments?post=2274"}],"version-history":[{"count":12,"href":"https:\/\/iceamexico.com\/index.php\/wp-json\/wp\/v2\/pages\/2274\/revisions"}],"predecessor-version":[{"id":2691,"href":"https:\/\/iceamexico.com\/index.php\/wp-json\/wp\/v2\/pages\/2274\/revisions\/2691"}],"wp:attachment":[{"href":"https:\/\/iceamexico.com\/index.php\/wp-json\/wp\/v2\/media?parent=2274"}],"curies":[{"name":"wp","href":"https:\/\/api.w.org\/{rel}","templated":true}]}}