{"id":2283,"date":"2024-04-22T19:37:38","date_gmt":"2024-04-22T19:37:38","guid":{"rendered":"https:\/\/iceamexico.com\/?page_id=2283"},"modified":"2024-05-31T16:53:39","modified_gmt":"2024-05-31T16:53:39","slug":"high-voltage","status":"publish","type":"page","link":"https:\/\/iceamexico.com\/index.php\/high-voltage\/","title":{"rendered":"High-Voltage"},"content":{"rendered":"\n<div class=\"wp-block-stackable-columns alignfull stk-block-columns stk-block stk-b19e7c9 stk-block-background stk--has-background-overlay\" data-block-id=\"b19e7c9\"><style>.stk-b19e7c9{background-color:#000000b3 !important;background-image:url(https:\/\/iceamexico.com\/wp-content\/uploads\/2024\/04\/fondo-HIGH-VOLTAGE.svg) !important;padding-top:91px !important;padding-bottom:0px !important;margin-top:-81px !important;margin-bottom:0px !important;overflow:visible !important}.stk-b19e7c9:before{background-color:#000000b3 !important;opacity:1 !important}.stk-b19e7c9 .stk-container{overflow:visible !important}@media screen and (max-width:999px){.stk-b19e7c9{padding-top:80px !important}}<\/style><div class=\"stk-row stk-inner-blocks stk-block-content stk-content-align stk-b19e7c9-column\">\n<div class=\"wp-block-stackable-column stk-block-column stk-column stk-block stk-da68494\" data-v=\"4\" data-block-id=\"da68494\"><style>.stk-da68494-container{margin-top:0px !important;margin-right:0px !important;margin-bottom:0px !important;margin-left:0px !important}<\/style><div class=\"stk-column-wrapper stk-block-column__content stk-container stk-da68494-container stk--no-background stk--no-padding\"><div class=\"stk-block-content stk-inner-blocks stk-da68494-inner-blocks\">\n<div class=\"wp-block-stackable-spacer stk-block-spacer stk--no-padding stk-block stk-e3160ae\" data-block-id=\"e3160ae\"><style>.stk-e3160ae{height:90px !important}@media screen and (max-width:999px){.stk-e3160ae{height:80px !important}}<\/style><\/div>\n\n\n\n<div class=\"wp-block-stackable-columns alignfull stk-block-columns stk-block stk-c500a74\" data-block-id=\"c500a74\"><style>.stk-c500a74 .stk--block-align-c500a74{align-items:center !important}.stk-c500a74{min-height:299px !important;margin-top:-200px !important;margin-bottom:-141px !important}.stk-c500a74-column{max-width:1500px !important;margin-right:auto !important;margin-left:auto !important;--stk-columns-spacing:0px !important;--stk-column-gap:0px !important;row-gap:0px !important}<\/style><div class=\"stk-row stk-inner-blocks has-text-align-center stk--block-align-c500a74 stk-block-content stk-content-align stk-c500a74-column alignfull\">\n<div class=\"wp-block-stackable-column stk-block-column stk-column stk-block stk-d8302c2\" data-v=\"4\" data-block-id=\"d8302c2\"><div class=\"stk-column-wrapper stk-block-column__content stk-container stk-d8302c2-container stk--no-background stk--no-padding\"><div class=\"stk-block-content stk-inner-blocks stk-d8302c2-inner-blocks\">\n<div class=\"wp-block-stackable-image stk-block-image has-text-align-center stk-block stk-b6d50c5\" data-block-id=\"b6d50c5\"><style>.stk-b6d50c5{border-top-left-radius:0px !important;border-top-right-radius:0px !important;border-bottom-right-radius:0px !important;border-bottom-left-radius:0px !important;overflow:hidden !important;margin-top:10px !important;margin-bottom:17px !important}.stk-b6d50c5 .stk-img-wrapper{width:100% !important;height:374px !important}.stk-b6d50c5 .stk-img-wrapper img{transform:scale(0.29) !important;border-radius:0px !important}@media screen and (max-width:999px){.stk-b6d50c5 .stk-img-wrapper{height:500px !important}}@media screen and (max-width:689px){.stk-b6d50c5{margin-top:53px !important;margin-left:-78px !important}.stk-b6d50c5 .stk-img-wrapper{width:150% !important;height:203px !important}}<\/style><figure><div class=\"stk-img-wrapper stk-image--shape-stretch\"><img loading=\"lazy\" decoding=\"async\" class=\"stk-img wp-image-2286\" src=\"https:\/\/iceamexico.com\/wp-content\/uploads\/2024\/04\/colores-LOGO-de-HIGH-VOLTAGE.svg\" width=\"100\" height=\"374\"\/><\/div><\/figure><\/div>\n<\/div><\/div><\/div>\n<\/div><\/div>\n\n\n\n<div class=\"wp-block-stackable-text stk-block-text stk-block stk-b2205f4\" data-block-id=\"b2205f4\"><style>.stk-b2205f4{margin-bottom:0px !important}.stk-b2205f4 .stk-block-text__text{font-size:24px !important;font-family:-apple-system,BlinkMacSystemFont,\"Segoe UI\",Roboto,Helvetica,Arial,sans-serif,\"Apple Color Emoji\",\"Segoe UI Emoji\",\"Segoe UI Symbol\" !important}@media screen and (max-width:999px){.stk-b2205f4 .stk-block-text__text{font-size:24px !important}}@media screen and (max-width:689px){.stk-b2205f4 .stk-block-text__text{font-size:21px !important}}<\/style><p class=\"stk-block-text__text has-text-align-center\"><\/p><\/div>\n\n\n\n<div class=\"wp-block-stackable-spacer stk-block-spacer stk--no-padding stk-block stk-21f9d0d\" data-block-id=\"21f9d0d\"><style>@media screen and (max-width:689px){.stk-21f9d0d{height:30px !important}}<\/style><\/div>\n\n\n\n<figure class=\"wp-block-image size-full\"><img decoding=\"async\" src=\"https:\/\/iceamexico.com\/wp-content\/uploads\/2024\/05\/1-6.svg\" alt=\"\" class=\"wp-image-2560\"\/><\/figure>\n\n\n\n<div class=\"wp-block-stackable-spacer stk-block-spacer stk--no-padding stk-block stk-1301428\" data-block-id=\"1301428\"><style>.stk-1301428{height:36px !important}<\/style><\/div>\n<\/div><\/div><\/div>\n<\/div><\/div>\n\n\n\n<div class=\"wp-block-stackable-spacer stk-block-spacer stk--no-padding stk-block stk-0ae063a\" data-block-id=\"0ae063a\"><style>.stk-0ae063a{height:70px !important}@media screen and (max-width:999px){.stk-0ae063a{height:100px !important}}<\/style><\/div>\n\n\n\n<figure class=\"wp-block-image size-full\"><img decoding=\"async\" src=\"https:\/\/iceamexico.com\/wp-content\/uploads\/2024\/05\/2-6.svg\" alt=\"\" class=\"wp-image-2545\"\/><\/figure>\n\n\n\n<figure class=\"wp-block-image size-full is-resized\"><img decoding=\"async\" src=\"https:\/\/iceamexico.com\/wp-content\/uploads\/2024\/05\/3-6.svg\" alt=\"\" class=\"wp-image-2549\" style=\"width:1291px;height:auto\"\/><\/figure>\n\n\n\n<figure class=\"wp-block-image size-full\"><img decoding=\"async\" src=\"https:\/\/iceamexico.com\/wp-content\/uploads\/2024\/05\/4-6.svg\" alt=\"\" class=\"wp-image-2551\"\/><\/figure>\n\n\n\n<figure class=\"wp-block-image size-full is-resized\"><img decoding=\"async\" src=\"https:\/\/iceamexico.com\/wp-content\/uploads\/2024\/05\/5-2.svg\" alt=\"\" class=\"wp-image-2555\" style=\"width:1291px;height:auto\"\/><\/figure>\n\n\n\n<figure class=\"wp-block-image size-full\"><img decoding=\"async\" src=\"https:\/\/iceamexico.com\/wp-content\/uploads\/2024\/05\/6.svg\" alt=\"\" class=\"wp-image-2547\"\/><\/figure>\n\n\n\n<div class=\"wp-block-stackable-spacer stk-block-spacer stk--no-padding stk-block stk-21fd306\" data-block-id=\"21fd306\"><style>.stk-21fd306{height:60px !important}<\/style><\/div>\n\n\n\n<div class=\"wp-block-stackable-columns stk-block-columns stk-block stk-5b0d21f\" data-block-id=\"5b0d21f\"><style>.stk-5b0d21f .stk--block-align-5b0d21f{align-items:center !important}.stk-5b0d21f{margin-bottom:0px !important}.stk-5b0d21f-column{--stk-column-gap:200px !important;row-gap:50px !important}<\/style><div class=\"stk-row stk-inner-blocks stk--block-align-5b0d21f stk-block-content stk-content-align stk-5b0d21f-column\">\n<div class=\"wp-block-stackable-column stk-block-column stk-column stk-block stk-7e96063\" data-v=\"4\" data-block-id=\"7e96063\"><style>.stk-7e96063-container{margin-top:0px !important;margin-right:0px !important;margin-bottom:0px !important;margin-left:0px !important}@media screen and (min-width:690px){.stk-7e96063{flex:1 1 calc(45.9% - var(--stk-column-gap,0px) * 1 \/ 2 ) !important}}@media screen and (min-width:690px) and (max-width:999px){.stk-7e96063{flex:0 1 calc(100% - var(--stk-column-gap,0px) * 0 \/ 1 ) !important}}<\/style><div class=\"stk-column-wrapper stk-block-column__content stk-container stk-7e96063-container stk--no-background stk--no-padding\"><div class=\"stk-block-content stk-inner-blocks stk-7e96063-inner-blocks\">\n<div class=\"wp-block-stackable-heading stk-block-heading stk-block-heading--v2 stk-block stk-11cfca1\" id=\"bolsa-de-trabajo\" data-block-id=\"11cfca1\"><style>.stk-11cfca1{margin-bottom:15px !important}.stk-11cfca1 .stk-block-heading__text{color:#cf2e2e !important}<\/style><h5 class=\"stk-block-heading__text has-text-color has-text-align-center-tablet stk-block-heading--use-theme-margins\">Bolsa de Trabajo<\/h5><\/div>\n\n\n\n<div class=\"wp-block-stackable-text stk-block-text stk-block stk-f19ffa8\" data-block-id=\"f19ffa8\"><style>.stk-f19ffa8{margin-bottom:0px !important}<\/style><p class=\"stk-block-text__text has-text-align-center-tablet\">Eleva tu perfil profesional y da el paso hacia un futuro laboral lleno de logros. Tu pr\u00f3ximo desaf\u00edo te espera en ICEA \u00a1Construyamos juntos tu camino hacia el \u00e9xito!<\/p><\/div>\n<\/div><\/div><\/div>\n\n\n\n<div class=\"wp-block-stackable-column stk-block-column stk-column stk-block stk-2b62231\" data-v=\"4\" data-block-id=\"2b62231\"><style>.stk-2b62231-container{margin-top:0px !important;margin-right:0px !important;margin-bottom:0px !important;margin-left:0px !important}@media screen and (min-width:690px){.stk-2b62231{flex:1 1 calc(54.1% - var(--stk-column-gap,0px) * 1 \/ 2 ) !important}}@media screen and (min-width:690px) and (max-width:999px){.stk-2b62231{flex:0 1 calc(100% - var(--stk-column-gap,0px) * 0 \/ 1 ) !important}}<\/style><div class=\"stk-column-wrapper stk-block-column__content stk-container stk-2b62231-container stk--no-background stk--no-padding\"><div class=\"stk-block-content stk-inner-blocks stk-2b62231-inner-blocks\">\n<div class=\"wp-block-stackable-text stk-block-text stk-block stk-f1aa9d7\" data-block-id=\"f1aa9d7\"><style>.stk-f1aa9d7 .stk-block-text__text{font-size:25px !important;color:#cf2e2e !important;font-weight:700 !important}@media screen and (max-width:999px){.stk-f1aa9d7 .stk-block-text__text{font-size:20px !important}}<\/style><p class=\"stk-block-text__text has-text-color has-palette-color-4-color has-text-align-center-tablet\">Descubre tu pr\u00f3xima oportunidad en nuestra Bolsa de Trabajo, donde unimos talento con empresas l\u00edderes.<\/p><\/div>\n<\/div><\/div><\/div>\n<\/div><\/div>\n\n\n\n<div class=\"wp-block-stackable-spacer stk-block-spacer stk--no-padding stk-block stk-4efad20\" data-block-id=\"4efad20\"><style>.stk-4efad20{border-style:solid !important;border-color:var(--theme-palette-color-5,#F2F2F2) !important;border-top-width:0px !important;border-right-width:0px !important;border-bottom-width:2px !important;border-left-width:0px !important;height:120px !important}@media screen and (max-width:999px){.stk-4efad20{height:50px !important}}<\/style><\/div>\n\n\n\n<div class=\"wp-block-stackable-columns stk-block-columns stk-block stk-293854b\" data-block-id=\"293854b\"><style>.stk-293854b{margin-bottom:0px !important}.stk-293854b-column{--stk-column-gap:100px !important;row-gap:120px !important}<\/style><div class=\"stk-row stk-inner-blocks stk-block-content stk-content-align stk-293854b-column\">\n<div class=\"wp-block-stackable-column stk-block-column stk-column stk-block stk-c11d750\" data-v=\"4\" data-block-id=\"c11d750\"><style>.stk-c11d750-container{margin-top:0px !important;margin-right:0px !important;margin-bottom:0px !important;margin-left:0px !important}@media screen and (min-width:690px){.stk-c11d750{flex:1 1 calc(50% - var(--stk-column-gap,0px) * 1 \/ 2 ) !important}}@media screen and (min-width:690px) and (max-width:999px){.stk-c11d750{flex:0 1 calc(100% - var(--stk-column-gap,0px) * 0 \/ 1 ) !important}}<\/style><div class=\"stk-column-wrapper stk-block-column__content stk-container stk-c11d750-container stk--no-background stk--no-padding\"><div class=\"stk-block-content stk-inner-blocks stk-c11d750-inner-blocks\">\n<div class=\"wp-block-stackable-image stk-block-image stk-block stk-72a3f00\" data-block-id=\"72a3f00\"><style>.stk-72a3f00{box-shadow:60px 60px 0px -20px rgba(242,242,242,1) !important}@media screen and (max-width:999px){.stk-72a3f00 .stk-img-wrapper{height:500px !important}}<\/style><figure><div class=\"stk-img-wrapper stk-image--shape-stretch\"><img loading=\"lazy\" decoding=\"async\" class=\"stk-img wp-image-2288\" src=\"https:\/\/iceamexico.com\/wp-content\/uploads\/2024\/04\/pexels-dante-juhasz-62201650-10880631-scaled.jpg\" width=\"1707\" height=\"2560\" srcset=\"https:\/\/iceamexico.com\/wp-content\/uploads\/2024\/04\/pexels-dante-juhasz-62201650-10880631-scaled.jpg 1707w, https:\/\/iceamexico.com\/wp-content\/uploads\/2024\/04\/pexels-dante-juhasz-62201650-10880631-200x300.jpg 200w, https:\/\/iceamexico.com\/wp-content\/uploads\/2024\/04\/pexels-dante-juhasz-62201650-10880631-683x1024.jpg 683w, https:\/\/iceamexico.com\/wp-content\/uploads\/2024\/04\/pexels-dante-juhasz-62201650-10880631-768x1152.jpg 768w, https:\/\/iceamexico.com\/wp-content\/uploads\/2024\/04\/pexels-dante-juhasz-62201650-10880631-1024x1536.jpg 1024w, https:\/\/iceamexico.com\/wp-content\/uploads\/2024\/04\/pexels-dante-juhasz-62201650-10880631-1365x2048.jpg 1365w\" sizes=\"auto, (max-width: 1707px) 100vw, 1707px\" \/><\/div><\/figure><\/div>\n<\/div><\/div><\/div>\n\n\n\n<div class=\"wp-block-stackable-column stk-block-column stk-column stk-block stk-2264616\" data-v=\"4\" data-block-id=\"2264616\"><style>.stk-2264616-container{margin-top:0px !important;margin-right:0px !important;margin-bottom:0px !important;margin-left:0px !important}.stk-2264616{align-self:center !important}@media screen and (min-width:690px){.stk-2264616{flex:1 1 calc(50% - var(--stk-column-gap,0px) * 1 \/ 2 ) !important}}@media screen and (min-width:690px) and (max-width:999px){.stk-2264616{flex:0 1 calc(100% - var(--stk-column-gap,0px) * 0 \/ 1 ) !important}}<\/style><div class=\"stk-column-wrapper stk-block-column__content stk-container stk-2264616-container stk--no-background stk--no-padding\"><div class=\"stk-block-content stk-inner-blocks stk-2264616-inner-blocks\">\n<div class=\"wp-block-stackable-heading stk-block-heading stk-block-heading--v2 stk-block stk-a353d24\" id=\"quieres-convertirte-un-experto-en-high-voltage\" data-block-id=\"a353d24\"><style>.stk-a353d24 .stk-block-heading__text{font-size:47px !important;color:#cf2e2e !important}@media screen and (max-width:999px){.stk-a353d24 .stk-block-heading__text{font-size:30px !important}}<\/style><h1 class=\"stk-block-heading__text has-text-color has-text-align-center-tablet\">\u00bfQuieres convertirte un experto en High-Voltage?<\/h1><\/div>\n\n\n\n<div class=\"wp-block-stackable-text stk-block-text stk-block stk-ad90e34\" data-block-id=\"ad90e34\"><p class=\"stk-block-text__text has-text-align-center-tablet\">\u00a1Domina el poder de <strong>High Voltage<\/strong>! Ofrecemos una formaci\u00f3n completa y pr\u00e1ctica dise\u00f1ada para capacitar a profesionales en el manejo seguro y eficiente de sistemas el\u00e9ctricos de alta tensi\u00f3n. <\/p><\/div>\n\n\n\n<div class=\"wp-block-stackable-text stk-block-text stk-block stk-1ae1959\" data-block-id=\"1ae1959\"><style>.stk-1ae1959{margin-bottom:70px !important}@media screen and (max-width:999px){.stk-1ae1959{margin-bottom:50px !important}}<\/style><p class=\"stk-block-text__text has-text-align-center-tablet\"><strong>Desde los fundamentos hasta las t\u00e9cnicas avanzadas, nuestro curso te proporcionar\u00e1 el conocimiento y las habilidades necesarias para trabajar de manera segura y efectiva en entornos de alta tensi\u00f3n. \u00a1Potencia tu carrera con High Voltage!<\/strong><\/p><\/div>\n\n\n\n<div class=\"wp-block-stackable-button-group stk-block-button-group stk-block stk-7dd33b3\" data-block-id=\"7dd33b3\"><div class=\"stk-row stk-inner-blocks has-text-align-center-tablet stk-block-content stk-button-group\">\n<div class=\"wp-block-stackable-button stk-block-button stk-block stk-0590f2b\" data-block-id=\"0590f2b\"><style>.stk-0590f2b{margin-top:0px !important;margin-right:0px !important;margin-bottom:0px !important;margin-left:0px !important}.stk-0590f2b .stk-button{padding-top:18px !important;padding-right:30px !important;padding-bottom:18px !important;padding-left:30px !important;background:#cf2e2e !important}.stk-0590f2b .stk-button__inner-text{font-size:16px !important;font-weight:700 !important;text-transform:uppercase !important}@media screen and (max-width:999px){.stk-0590f2b .stk-button__inner-text{font-size:16px !important}}<\/style><a class=\"stk-link stk-button stk--hover-effect-darken\" href=\"https:\/\/bit.ly\/InfoCursosICEA\"><span class=\"stk-button__inner-text\">D\u00c9JANOS TUS DATOS<\/span><\/a><\/div>\n<\/div><\/div>\n<\/div><\/div><\/div>\n<\/div><\/div>\n\n\n\n<div class=\"wp-block-stackable-spacer stk-block-spacer stk--no-padding stk-block stk-4efe46f\" data-block-id=\"4efe46f\"><style>.stk-4efe46f{height:150px !important}@media screen and (max-width:999px){.stk-4efe46f{height:80px !important}}<\/style><\/div>\n\n\n\n<figure class=\"wp-block-embed is-type-video is-provider-youtube wp-block-embed-youtube wp-embed-aspect-16-9 wp-has-aspect-ratio\"><div class=\"wp-block-embed__wrapper\">\n<iframe loading=\"lazy\" title=\"HIGH-VOLTAGE ARMADO BATERIA BMW (5 CELDAS 295 V)\" width=\"1290\" height=\"726\" src=\"https:\/\/www.youtube.com\/embed\/vKw-RBXPZ3o?feature=oembed\" frameborder=\"0\" allow=\"accelerometer; autoplay; clipboard-write; encrypted-media; gyroscope; picture-in-picture; web-share\" referrerpolicy=\"strict-origin-when-cross-origin\" allowfullscreen><\/iframe>\n<\/div><\/figure>\n\n\n\n<div class=\"wp-block-stackable-spacer stk-block-spacer stk--no-padding stk-block stk-57cff07\" data-block-id=\"57cff07\"><style>.stk-57cff07{height:80px !important}<\/style><\/div>\n\n\n\n<div class=\"wp-block-stackable-columns stk-block-columns stk-block stk-45929f8 stk-block-background\" data-block-id=\"45929f8\"><style>.stk-45929f8 .stk--block-align-45929f8{align-items:center !important}.stk-45929f8{background-color:#000000 !important;padding-top:50px !important;padding-right:55px !important;padding-bottom:50px !important;padding-left:55px !important;margin-bottom:-105px !important;z-index:2 !important}.stk-45929f8:before{background-color:#000000 !important}.stk-45929f8-column{--stk-column-gap:50px !important;row-gap:50px !important}<\/style><div class=\"stk-row stk-inner-blocks stk--block-align-45929f8 stk-block-content stk-content-align stk-45929f8-column\">\n<div class=\"wp-block-stackable-column stk-block-column stk-column stk-block stk-7a55db8\" data-v=\"4\" data-block-id=\"7a55db8\"><style>.stk-7a55db8-container{margin-top:0px !important;margin-right:0px !important;margin-bottom:0px !important;margin-left:0px !important}@media screen and (min-width:690px) and (max-width:999px){.stk-7a55db8{flex:0 1 calc(100% - var(--stk-column-gap,0px) * 0 \/ 1 ) !important}}<\/style><div class=\"stk-column-wrapper stk-block-column__content stk-container stk-7a55db8-container stk--no-background stk--no-padding\"><div class=\"stk-block-content stk-inner-blocks stk-7a55db8-inner-blocks\">\n<div class=\"wp-block-stackable-heading stk-block-heading stk-block-heading--v2 stk-block stk-e3ff0d9\" id=\"listo-para-comenzar-tu-viaje-hacia-una-carrera-electrica-exitosa\" data-block-id=\"e3ff0d9\"><style>.stk-e3ff0d9{margin-bottom:10px !important}.stk-e3ff0d9 .stk-block-heading__text{color:var(--theme-palette-color-8,#ffffff) !important}@media screen and (max-width:999px){.stk-e3ff0d9{margin-bottom:20px !important}.stk-e3ff0d9 .stk-block-heading__text{font-size:30px !important}}<\/style><h3 class=\"stk-block-heading__text has-text-color has-palette-color-8-color has-text-align-center-tablet stk-block-heading--use-theme-margins\">\u00bfListo para comenzar tu viaje hacia una carrera el\u00e9ctrica exitosa?<\/h3><\/div>\n\n\n\n<div class=\"wp-block-stackable-text stk-block-text stk-block stk-bc5b221\" data-block-id=\"bc5b221\"><style>.stk-bc5b221{opacity:0.6 !important}.stk-bc5b221 .stk-block-text__text{color:var(--theme-palette-color-8,#ffffff) !important}<\/style><p class=\"stk-block-text__text has-text-color has-palette-color-8-color has-text-align-center-tablet\"><strong>\u00a1Cont\u00e1ctanos hoy para obtener m\u00e1s informaci\u00f3n sobre nuestros cursos, fechas de inicio y opciones de inscripci\u00f3n!<\/strong><\/p><\/div>\n<\/div><\/div><\/div>\n\n\n\n<div class=\"wp-block-stackable-column stk-block-column stk-column stk-block stk-5da9125\" data-v=\"4\" data-block-id=\"5da9125\"><style>.stk-5da9125-container{margin-top:0px !important;margin-right:0px !important;margin-bottom:0px !important;margin-left:0px !important}@media screen and (min-width:690px) and (max-width:999px){.stk-5da9125{flex:0 1 calc(100% - var(--stk-column-gap,0px) * 0 \/ 1 ) !important}}<\/style><div class=\"stk-column-wrapper stk-block-column__content stk-container stk-5da9125-container stk--no-background stk--no-padding\"><div class=\"stk-block-content stk-inner-blocks stk-5da9125-inner-blocks\">\n<div class=\"wp-block-stackable-button-group stk-block-button-group stk-block stk-0de13d8\" data-block-id=\"0de13d8\"><style>.stk-0de13d8 .stk-inner-blocks{column-gap:30px !important;row-gap:20px !important}<\/style><div class=\"stk-row stk-inner-blocks has-text-align-right has-text-align-center-tablet stk-block-content stk-button-group\">\n<div class=\"wp-block-stackable-button stk-block-button is-style-ghost stk-block stk-fad9ac7\" data-block-id=\"fad9ac7\"><style>.stk-fad9ac7{margin-top:0px !important;margin-right:0px !important;margin-bottom:0px !important;margin-left:0px !important}.stk-fad9ac7 .stk-button{padding-top:18px !important;padding-right:30px !important;padding-bottom:18px !important;padding-left:30px !important;background:transparent !important}.stk-fad9ac7 .stk-button:hover:after{background:var(--theme-palette-color-4,#0A1821) !important;opacity:1 !important}:where(.stk-hover-parent:hover,.stk-hover-parent.stk--is-hovered) .stk-fad9ac7 .stk-button:after{background:transparent !important;opacity:1 !important}.stk-fad9ac7 .stk-button:before{border-style:solid !important;border-color:var(--theme-palette-color-8,#ffffff) !important;border-top-width:2px !important;border-right-width:2px !important;border-bottom-width:2px !important;border-left-width:2px !important}.stk-fad9ac7 .stk-button:hover:before{border-color:var(--theme-palette-color-4,#0A1821) !important}.stk-fad9ac7 .stk-button .stk--inner-svg svg:last-child,.stk-fad9ac7 .stk-button .stk--inner-svg svg:last-child :is(g,path,rect,polygon,ellipse){fill:var(--theme-palette-color-4,#0A1821) !important}.stk-fad9ac7 .stk-button:hover .stk--inner-svg svg:last-child,.stk-fad9ac7 .stk-button:hover .stk--inner-svg svg:last-child :is(g,path,rect,polygon,ellipse){fill:var(--theme-palette-color-2,#224DB7) !important}.stk-fad9ac7 .stk-button__inner-text{font-size:16px !important;color:var(--theme-palette-color-8,#ffffff) !important;font-weight:700 !important;text-transform:uppercase !important}.stk-fad9ac7 .stk-button:hover .stk-button__inner-text{color:var(--theme-palette-color-8,#ffffff) !important}@media screen and (max-width:999px){.stk-fad9ac7 .stk-button__inner-text{font-size:16px !important}}<\/style><a class=\"stk-link stk-button stk--hover-effect-darken\" href=\"https:\/\/bit.ly\/InfoCursosICEA\"><span class=\"has-text-color has-palette-color-8-color stk-button__inner-text\">M\u00c1S INFORMACI\u00d3N<\/span><\/a><\/div>\n\n\n\n<div class=\"wp-block-stackable-button stk-block-button stk-block stk-82f3f35\" data-block-id=\"82f3f35\"><style>.stk-82f3f35{margin-top:0px !important;margin-right:0px !important;margin-bottom:0px !important;margin-left:0px !important}.stk-82f3f35 .stk-button{padding-top:18px !important;padding-right:30px !important;padding-bottom:18px !important;padding-left:30px !important;background:#cf2e2e !important}.stk-82f3f35 .stk-button:hover:after{background:var(--theme-palette-color-4,#0A1821) !important;opacity:1 !important}.stk-82f3f35 .stk-button__inner-text{font-size:16px !important;color:var(--theme-palette-color-8,#ffffff) !important;font-weight:700 !important;text-transform:uppercase !important}.stk-82f3f35 .stk-button:hover .stk-button__inner-text{color:var(--theme-palette-color-8,#ffffff) !important}@media screen and (max-width:999px){.stk-82f3f35 .stk-button__inner-text{font-size:16px !important}}<\/style><a class=\"stk-link stk-button stk--hover-effect-darken\" href=\"\"><span class=\"has-text-color has-palette-color-2-color stk-button__inner-text\">EMPIEZA AHORA<\/span><\/a><\/div>\n<\/div><\/div>\n<\/div><\/div><\/div>\n<\/div><\/div>\n\n\n\n<div class=\"wp-block-stackable-columns alignfull stk-block-columns stk-block stk-9a799e5 stk-block-background\" data-block-id=\"9a799e5\"><style>.stk-9a799e5{background-color:#f6f6f6 !important;background-position:top center !important;padding-top:0px !important;padding-right:0px !important;padding-bottom:0px !important;padding-left:0px !important;margin-bottom:0px !important}.stk-9a799e5:before{background-color:#f6f6f6 !important}<\/style><div class=\"stk-row stk-inner-blocks stk-block-content stk-content-align stk-9a799e5-column\">\n<div class=\"wp-block-stackable-column stk-block-column stk-column stk-block stk-ebc8356\" data-v=\"4\" data-block-id=\"ebc8356\"><style>.stk-ebc8356-container{margin-top:0px !important;margin-right:0px !important;margin-bottom:0px !important;margin-left:0px !important}<\/style><div class=\"stk-column-wrapper stk-block-column__content stk-container stk-ebc8356-container stk--no-background stk--no-padding\"><div class=\"stk-block-content stk-inner-blocks stk-ebc8356-inner-blocks\">\n<div class=\"wp-block-stackable-spacer stk-block-spacer stk--no-padding stk-block stk-31cc083\" data-block-id=\"31cc083\"><style>.stk-31cc083{height:105px !important}<\/style><\/div>\n<\/div><\/div><\/div>\n<\/div><\/div>\n","protected":false},"excerpt":{"rendered":"<p>Bolsa de Trabajo Eleva tu perfil profesional y da el paso hacia un futuro laboral lleno de logros. Tu pr\u00f3ximo desaf\u00edo te espera en ICEA \u00a1Construyamos juntos tu camino hacia el \u00e9xito! Descubre tu pr\u00f3xima oportunidad en nuestra Bolsa de Trabajo, donde unimos talento con empresas l\u00edderes. \u00bfQuieres convertirte un experto en High-Voltage? \u00a1Domina el [&hellip;]<\/p>\n","protected":false},"author":1,"featured_media":0,"parent":0,"menu_order":0,"comment_status":"closed","ping_status":"closed","template":"","meta":{"footnotes":""},"class_list":["post-2283","page","type-page","status-publish","hentry"],"blocksy_meta":{"has_hero_section":"disabled","disable_header":"yes","disable_footer":"yes"},"_links":{"self":[{"href":"https:\/\/iceamexico.com\/index.php\/wp-json\/wp\/v2\/pages\/2283","targetHints":{"allow":["GET"]}}],"collection":[{"href":"https:\/\/iceamexico.com\/index.php\/wp-json\/wp\/v2\/pages"}],"about":[{"href":"https:\/\/iceamexico.com\/index.php\/wp-json\/wp\/v2\/types\/page"}],"author":[{"embeddable":true,"href":"https:\/\/iceamexico.com\/index.php\/wp-json\/wp\/v2\/users\/1"}],"replies":[{"embeddable":true,"href":"https:\/\/iceamexico.com\/index.php\/wp-json\/wp\/v2\/comments?post=2283"}],"version-history":[{"count":16,"href":"https:\/\/iceamexico.com\/index.php\/wp-json\/wp\/v2\/pages\/2283\/revisions"}],"predecessor-version":[{"id":2564,"href":"https:\/\/iceamexico.com\/index.php\/wp-json\/wp\/v2\/pages\/2283\/revisions\/2564"}],"wp:attachment":[{"href":"https:\/\/iceamexico.com\/index.php\/wp-json\/wp\/v2\/media?parent=2283"}],"curies":[{"name":"wp","href":"https:\/\/api.w.org\/{rel}","templated":true}]}}