{"id":2761,"date":"2025-04-24T11:48:54","date_gmt":"2025-04-24T17:48:54","guid":{"rendered":"https:\/\/iceamexico.com\/?page_id=2761"},"modified":"2025-04-25T11:03:06","modified_gmt":"2025-04-25T17:03:06","slug":"alumnos-certificados","status":"publish","type":"page","link":"https:\/\/iceamexico.com\/index.php\/services\/alumnos-certificados\/","title":{"rendered":"Alumnos Certificados."},"content":{"rendered":"\n<p>En esta pagina puedes verificar la valides de los certificados de todos los estudiantes que han cursado con nosotros y que han acreditado su participaci\u00f3n.<\/p>\n\n\n\n<div class=\"wp-block-stackable-columns stk-block-columns stk-block stk-98621ac\" data-block-id=\"98621ac\"><div class=\"stk-row stk-inner-blocks stk-block-content stk-content-align stk-98621ac-column\">\n<div class=\"wp-block-stackable-column stk-block-column stk-column stk-block stk-aae3208\" data-v=\"4\" data-block-id=\"aae3208\"><div class=\"stk-column-wrapper stk-block-column__content stk-container stk-aae3208-container stk--no-background stk--no-padding\"><div class=\"stk-block-content stk-inner-blocks stk-aae3208-inner-blocks\">\n<div class=\"wp-block-stackable-heading stk-block-heading stk-block-heading--v2 stk-block stk-46b7638\" id=\"metaelectric-pcv\" data-block-id=\"46b7638\"><h2 class=\"stk-block-heading__text\">METAELECTRIC-PCV<\/h2><\/div>\n\n\n\n<p><strong><span style=\"color: #000000;\" class=\"stk-highlight\">Automatizaci\u00f3n y Control para Motores<\/span><\/strong><\/p>\n\n\n\n<div class=\"wp-block-buttons is-layout-flex wp-block-buttons-is-layout-flex\">\n<div class=\"wp-block-button\"><a class=\"wp-block-button__link wp-element-button\">Certificados<\/a><\/div>\n<\/div>\n<\/div><\/div><\/div>\n\n\n\n<div class=\"wp-block-stackable-column stk-block-column stk-column stk-block stk-4b3cfc2\" data-v=\"4\" data-block-id=\"4b3cfc2\"><div class=\"stk-column-wrapper stk-block-column__content stk-container stk-4b3cfc2-container stk--no-background stk--no-padding\"><div class=\"stk-block-content stk-inner-blocks stk-4b3cfc2-inner-blocks\">\n<div class=\"wp-block-stackable-heading stk-block-heading stk-block-heading--v2 stk-block stk-deeec18\" id=\"metaelectric-ice\" data-block-id=\"deeec18\"><h2 class=\"stk-block-heading__text\">METAELECTRIC-ICE <\/h2><\/div>\n\n\n\n<p><strong><span style=\"color: #050505;\" class=\"stk-highlight\">Instalaci\u00f3n para Cargadores de Autos El\u00e9ctricos <\/span><\/strong><\/p>\n\n\n\n<div class=\"wp-block-buttons is-layout-flex wp-block-buttons-is-layout-flex\">\n<div class=\"wp-block-button\"><a class=\"wp-block-button__link wp-element-button\" href=\"https:\/\/iceamexico.com\/index.php\/services\/alumnos-certificados\/certificados-ice-instalacion-para-cargadores-de-autos-electricos\/\">Certificados<\/a><\/div>\n<\/div>\n<\/div><\/div><\/div>\n\n\n\n<div class=\"wp-block-stackable-column stk-block-column stk-column stk-block stk-d91a8a6\" data-v=\"4\" data-block-id=\"d91a8a6\"><div class=\"stk-column-wrapper stk-block-column__content stk-container stk-d91a8a6-container stk--no-background stk--no-padding\"><div class=\"stk-block-content stk-inner-blocks stk-d91a8a6-inner-blocks\">\n<div class=\"wp-block-stackable-heading stk-block-heading stk-block-heading--v2 stk-block stk-d6e4cc3\" id=\"metaelectric-ep-1\" data-block-id=\"d6e4cc3\"><h2 class=\"stk-block-heading__text\">METAELECTRIC-EP1<\/h2><\/div>\n\n\n\n<p><span style=\"color: #020202;\" class=\"stk-highlight\"><strong>Electricidad residencial y comercial<\/strong><\/span><\/p>\n\n\n\n<div class=\"wp-block-buttons is-layout-flex wp-block-buttons-is-layout-flex\">\n<div class=\"wp-block-button\"><a class=\"wp-block-button__link wp-element-button\">Certificados<\/a><\/div>\n<\/div>\n<\/div><\/div><\/div>\n\n\n\n<div class=\"wp-block-stackable-column stk-block-column stk-column stk-block stk-cd52be8\" data-v=\"4\" data-block-id=\"cd52be8\"><div class=\"stk-column-wrapper stk-block-column__content stk-container stk-cd52be8-container stk--no-background stk--no-padding\"><div class=\"stk-block-content stk-inner-blocks stk-cd52be8-inner-blocks\">\n<div class=\"wp-block-stackable-heading stk-block-heading stk-block-heading--v2 stk-block stk-78507f3\" id=\"metaelectric-plc\" data-block-id=\"78507f3\"><style>.stk-78507f3 {margin-bottom:27px !important;}<\/style><h2 class=\"stk-block-heading__text\">METAELECTRIC-PLC <\/h2><\/div>\n\n\n\n<p><strong><span style=\"color: #020202;\" class=\"stk-highlight\">Control L\u00f3gico Programable <\/span><\/strong><\/p>\n\n\n\n<div class=\"wp-block-buttons is-layout-flex wp-block-buttons-is-layout-flex\">\n<div class=\"wp-block-button\"><a class=\"wp-block-button__link wp-element-button\">Certificados<\/a><\/div>\n<\/div>\n<\/div><\/div><\/div>\n<\/div><\/div>\n\n\n\n<div class=\"wp-block-stackable-columns stk-block-columns stk-block stk-bdb3232\" data-block-id=\"bdb3232\"><div class=\"stk-row stk-inner-blocks stk-block-content stk-content-align stk-bdb3232-column\">\n<div class=\"wp-block-stackable-column stk-block-column stk-column stk-block stk-237b102\" data-v=\"4\" data-block-id=\"237b102\"><div class=\"stk-column-wrapper stk-block-column__content stk-container stk-237b102-container stk--no-background stk--no-padding\"><div class=\"stk-block-content stk-inner-blocks stk-237b102-inner-blocks\">\n<div class=\"wp-block-stackable-heading stk-block-heading stk-block-heading--v2 stk-block stk-f526642\" id=\"master-pmo-instalaciones-electricas\" data-block-id=\"f526642\"><style>.stk-f526642 {margin-bottom:28px !important;}<\/style><h2 class=\"stk-block-heading__text\">Master PMO Instalaciones El\u00e9ctricas<\/h2><\/div>\n\n\n\n<div class=\"wp-block-buttons is-layout-flex wp-block-buttons-is-layout-flex\">\n<div class=\"wp-block-button\"><a class=\"wp-block-button__link wp-element-button\">Certificados<\/a><\/div>\n<\/div>\n<\/div><\/div><\/div>\n\n\n\n<div class=\"wp-block-stackable-column stk-block-column stk-column stk-block stk-0db1ac1\" data-v=\"4\" data-block-id=\"0db1ac1\"><div class=\"stk-column-wrapper stk-block-column__content stk-container stk-0db1ac1-container stk--no-background stk--no-padding\"><div class=\"stk-block-content stk-inner-blocks stk-0db1ac1-inner-blocks\">\n<div class=\"wp-block-stackable-heading stk-block-heading stk-block-heading--v2 stk-block stk-d8e0e68\" id=\"metaelectric-dw-4\" data-block-id=\"d8e0e68\"><style>.stk-d8e0e68 {margin-bottom:18px !important;}<\/style><h2 class=\"stk-block-heading__text\">METAELECTRIC-DW4<\/h2><\/div>\n\n\n\n<p> <strong><span style=\"color: #000000;\" class=\"stk-highlight\">Dise\u00f1o de proyectos El\u00e9ctricos.<\/span><\/strong><\/p>\n\n\n\n<div class=\"wp-block-buttons is-layout-flex wp-block-buttons-is-layout-flex\">\n<div class=\"wp-block-button\"><a class=\"wp-block-button__link wp-element-button\">Certificados<\/a><\/div>\n<\/div>\n<\/div><\/div><\/div>\n\n\n\n<div class=\"wp-block-stackable-column stk-block-column stk-column stk-block stk-35e8184\" data-v=\"4\" data-block-id=\"35e8184\"><div class=\"stk-column-wrapper stk-block-column__content stk-container stk-35e8184-container stk--no-background stk--no-padding\"><div class=\"stk-block-content stk-inner-blocks stk-35e8184-inner-blocks\">\n<div class=\"wp-block-stackable-heading stk-block-heading stk-block-heading--v2 stk-block stk-fb912b9\" id=\"metaelectric-zwc\" data-block-id=\"fb912b9\"><h2 class=\"stk-block-heading__text\">METAELECTRIC-ZWC <\/h2><\/div>\n\n\n\n<p><strong><span style=\"color: #050505;\" class=\"stk-highlight\">Dise\u00f1o El\u00e9ctrico por Computadora <\/span><\/strong><\/p>\n\n\n\n<div class=\"wp-block-buttons is-layout-flex wp-block-buttons-is-layout-flex\">\n<div class=\"wp-block-button\"><a class=\"wp-block-button__link wp-element-button\">Certificados<\/a><\/div>\n<\/div>\n<\/div><\/div><\/div>\n\n\n\n<div class=\"wp-block-stackable-column stk-block-column stk-column stk-block stk-678db06\" data-v=\"4\" data-block-id=\"678db06\"><div class=\"stk-column-wrapper stk-block-column__content stk-container stk-678db06-container stk--no-background stk--no-padding\"><div class=\"stk-block-content stk-inner-blocks stk-678db06-inner-blocks\">\n<div class=\"wp-block-stackable-heading stk-block-heading stk-block-heading--v2 stk-block stk-cb552ec\" id=\"metaelectric-ccc\" data-block-id=\"cb552ec\"><h2 class=\"stk-block-heading__text\">METAELECTRIC -CCC<\/h2><\/div>\n\n\n\n<p><strong><span style=\"color: #050505;\" class=\"stk-highlight\">Corto Circuito, Coordinaci\u00f3n de Protecciones y Arc Flash <\/span><\/strong><\/p>\n\n\n\n<div class=\"wp-block-buttons is-layout-flex wp-block-buttons-is-layout-flex\">\n<div class=\"wp-block-button\"><a class=\"wp-block-button__link wp-element-button\">Certificados<\/a><\/div>\n<\/div>\n<\/div><\/div><\/div>\n<\/div><\/div>\n\n\n\n<div class=\"wp-block-stackable-columns stk-block-columns stk-block stk-a675eaf\" data-block-id=\"a675eaf\"><div class=\"stk-row stk-inner-blocks stk-block-content stk-content-align stk-a675eaf-column\">\n<div class=\"wp-block-stackable-column stk-block-column stk-column stk-block stk-71061d2\" data-v=\"4\" data-block-id=\"71061d2\"><div class=\"stk-column-wrapper stk-block-column__content stk-container stk-71061d2-container stk--no-background stk--no-padding\"><div class=\"stk-block-content stk-inner-blocks stk-71061d2-inner-blocks\">\n<div class=\"wp-block-stackable-heading stk-block-heading stk-block-heading--v2 stk-block stk-65912aa\" id=\"calidad-de-energia-y-codigo-de-red-2-0\" data-block-id=\"65912aa\"><h2 class=\"stk-block-heading__text\">Calidad de Energ\u00eda y C\u00f3digo de RED 2.0<\/h2><\/div>\n\n\n\n<div class=\"wp-block-buttons is-layout-flex wp-block-buttons-is-layout-flex\">\n<div class=\"wp-block-button\"><a class=\"wp-block-button__link wp-element-button\">Certificados<\/a><\/div>\n<\/div>\n<\/div><\/div><\/div>\n<\/div><\/div>\n\n\n\n<p><\/p>\n","protected":false},"excerpt":{"rendered":"<p>En esta pagina puedes verificar la valides de los certificados de todos los estudiantes que han cursado con nosotros y que han acreditado su participaci\u00f3n. METAELECTRIC-PCV Automatizaci\u00f3n y Control para Motores METAELECTRIC-ICE Instalaci\u00f3n para Cargadores de Autos El\u00e9ctricos METAELECTRIC-EP1 Electricidad residencial y comercial METAELECTRIC-PLC Control L\u00f3gico Programable Master PMO Instalaciones El\u00e9ctricas METAELECTRIC-DW4 Dise\u00f1o de proyectos [&hellip;]<\/p>\n","protected":false},"author":1,"featured_media":0,"parent":783,"menu_order":0,"comment_status":"closed","ping_status":"closed","template":"","meta":{"footnotes":""},"class_list":["post-2761","page","type-page","status-publish","hentry"],"blocksy_meta":[],"_links":{"self":[{"href":"https:\/\/iceamexico.com\/index.php\/wp-json\/wp\/v2\/pages\/2761","targetHints":{"allow":["GET"]}}],"collection":[{"href":"https:\/\/iceamexico.com\/index.php\/wp-json\/wp\/v2\/pages"}],"about":[{"href":"https:\/\/iceamexico.com\/index.php\/wp-json\/wp\/v2\/types\/page"}],"author":[{"embeddable":true,"href":"https:\/\/iceamexico.com\/index.php\/wp-json\/wp\/v2\/users\/1"}],"replies":[{"embeddable":true,"href":"https:\/\/iceamexico.com\/index.php\/wp-json\/wp\/v2\/comments?post=2761"}],"version-history":[{"count":7,"href":"https:\/\/iceamexico.com\/index.php\/wp-json\/wp\/v2\/pages\/2761\/revisions"}],"predecessor-version":[{"id":2793,"href":"https:\/\/iceamexico.com\/index.php\/wp-json\/wp\/v2\/pages\/2761\/revisions\/2793"}],"up":[{"embeddable":true,"href":"https:\/\/iceamexico.com\/index.php\/wp-json\/wp\/v2\/pages\/783"}],"wp:attachment":[{"href":"https:\/\/iceamexico.com\/index.php\/wp-json\/wp\/v2\/media?parent=2761"}],"curies":[{"name":"wp","href":"https:\/\/api.w.org\/{rel}","templated":true}]}}